{"id":233,"date":"2024-09-16T14:18:02","date_gmt":"2024-09-16T12:18:02","guid":{"rendered":"http:\/\/solidairementasbl.be\/?page_id=233"},"modified":"2024-09-16T14:36:29","modified_gmt":"2024-09-16T12:36:29","slug":"e-shop","status":"publish","type":"page","link":"https:\/\/solidairementasbl.be\/index.php\/e-shop\/","title":{"rendered":"e-Shop"},"content":{"rendered":"<style>.kb-row-layout-id233_69f7c1-bd > .kt-row-column-wrap{align-content:center;}:where(.kb-row-layout-id233_69f7c1-bd > .kt-row-column-wrap) > .wp-block-kadence-column{justify-content:center;}.kb-row-layout-id233_69f7c1-bd > .kt-row-column-wrap{column-gap:var(--global-kb-gap-md, 2rem);row-gap:var(--global-kb-gap-md, 2rem);max-width:var( --global-content-width, 1290px );padding-left:var(--global-content-edge-padding);padding-right:var(--global-content-edge-padding);padding-top:var(--global-kb-spacing-5xl, 10rem);padding-bottom:var(--global-kb-spacing-xl, 4rem);grid-template-columns:repeat(2, minmax(0, 1fr));}.kb-row-layout-id233_69f7c1-bd > .kt-row-layout-overlay{opacity:0.30;}@media all and (max-width: 1024px){.kb-row-layout-id233_69f7c1-bd > .kt-row-column-wrap{grid-template-columns:repeat(2, minmax(0, 1fr));}}@media all and (max-width: 767px){.kb-row-layout-id233_69f7c1-bd > .kt-row-column-wrap{grid-template-columns:minmax(0, 1fr);}}<\/style><div class=\"kb-row-layout-wrap kb-row-layout-id233_69f7c1-bd alignfull has-theme-palette9-background-color kt-row-has-bg wp-block-kadence-rowlayout\"><div class=\"kt-row-column-wrap kt-has-2-columns kt-row-layout-equal kt-tab-layout-inherit kt-mobile-layout-row kt-row-valign-middle kb-theme-content-width\">\n<style>.kadence-column233_96498b-85 > .kt-inside-inner-col{display:flex;}.kadence-column233_96498b-85 > .kt-inside-inner-col{padding-right:var(--global-kb-spacing-md, 2rem);padding-left:var(--global-kb-spacing-md, 2rem);}.kadence-column233_96498b-85 > .kt-inside-inner-col,.kadence-column233_96498b-85 > .kt-inside-inner-col:before{border-top-left-radius:0px;border-top-right-radius:0px;border-bottom-right-radius:0px;border-bottom-left-radius:0px;}.kadence-column233_96498b-85 > .kt-inside-inner-col{column-gap:var(--global-kb-gap-sm, 1rem);}.kadence-column233_96498b-85 > .kt-inside-inner-col{flex-direction:column;justify-content:center;}.kadence-column233_96498b-85 > .kt-inside-inner-col > .aligncenter{width:100%;}.kt-row-column-wrap > .kadence-column233_96498b-85{align-self:center;}.kt-inner-column-height-full:not(.kt-has-1-columns) > .wp-block-kadence-column.kadence-column233_96498b-85{align-self:auto;}.kt-inner-column-height-full:not(.kt-has-1-columns) > .wp-block-kadence-column.kadence-column233_96498b-85 > .kt-inside-inner-col{flex-direction:column;justify-content:center;}.kadence-column233_96498b-85 > .kt-inside-inner-col:before{opacity:0.3;}.kadence-column233_96498b-85{position:relative;}@media all and (max-width: 1024px){.kt-row-column-wrap > .kadence-column233_96498b-85{align-self:center;}}@media all and (max-width: 1024px){.kt-inner-column-height-full:not(.kt-has-1-columns) > .wp-block-kadence-column.kadence-column233_96498b-85{align-self:auto;}}@media all and (max-width: 1024px){.kt-inner-column-height-full:not(.kt-has-1-columns) > .wp-block-kadence-column.kadence-column233_96498b-85 > .kt-inside-inner-col{flex-direction:column;justify-content:center;}}@media all and (max-width: 1024px){.kadence-column233_96498b-85 > .kt-inside-inner-col{flex-direction:column;justify-content:center;}}@media all and (max-width: 767px){.kt-row-column-wrap > .kadence-column233_96498b-85{align-self:center;}.kt-inner-column-height-full:not(.kt-has-1-columns) > .wp-block-kadence-column.kadence-column233_96498b-85{align-self:auto;}.kt-inner-column-height-full:not(.kt-has-1-columns) > .wp-block-kadence-column.kadence-column233_96498b-85 > .kt-inside-inner-col{flex-direction:column;justify-content:center;}.kadence-column233_96498b-85 > .kt-inside-inner-col{flex-direction:column;justify-content:center;}}<\/style>\n<div class=\"wp-block-kadence-column kadence-column233_96498b-85\"><div class=\"kt-inside-inner-col\"><style>.wp-block-kadence-advancedheading.kt-adv-heading233_59b582-cc, .wp-block-kadence-advancedheading.kt-adv-heading233_59b582-cc[data-kb-block=\"kb-adv-heading233_59b582-cc\"]{text-align:center;font-size:var(--global-kb-font-size-md, 1.25rem);line-height:1.2;font-style:normal;}.wp-block-kadence-advancedheading.kt-adv-heading233_59b582-cc mark.kt-highlight, .wp-block-kadence-advancedheading.kt-adv-heading233_59b582-cc[data-kb-block=\"kb-adv-heading233_59b582-cc\"] mark.kt-highlight{font-style:normal;color:#f76a0c;-webkit-box-decoration-break:clone;box-decoration-break:clone;padding-top:0px;padding-right:0px;padding-bottom:0px;padding-left:0px;}<\/style>\n<h2 class=\"kt-adv-heading233_59b582-cc wp-block-kadence-advancedheading has-theme-palette-3-color has-text-color\" data-kb-block=\"kb-adv-heading233_59b582-cc\">Nous partageons avec le R\u00e9seau Paysan, le m\u00eame e-Shop<\/h2>\n\n\n<style>.wp-block-kadence-advancedheading.kt-adv-heading233_5ffa82-f9, .wp-block-kadence-advancedheading.kt-adv-heading233_5ffa82-f9[data-kb-block=\"kb-adv-heading233_5ffa82-f9\"]{text-align:center;font-style:normal;}.wp-block-kadence-advancedheading.kt-adv-heading233_5ffa82-f9 mark.kt-highlight, .wp-block-kadence-advancedheading.kt-adv-heading233_5ffa82-f9[data-kb-block=\"kb-adv-heading233_5ffa82-f9\"] mark.kt-highlight{font-style:normal;color:#f76a0c;-webkit-box-decoration-break:clone;box-decoration-break:clone;padding-top:0px;padding-right:0px;padding-bottom:0px;padding-left:0px;}<\/style>\n<p class=\"kt-adv-heading233_5ffa82-f9 wp-block-kadence-advancedheading has-theme-palette-3-color has-text-color\" data-kb-block=\"kb-adv-heading233_5ffa82-f9\">Pour vous connecter ou cr\u00e9er un compte c&rsquo;est par ici :<\/p>\n\n\n<style>.wp-block-kadence-advancedbtn.kb-btns233_475bd1-01{gap:var(--global-kb-gap-xs, 0.5rem );justify-content:center;align-items:center;}.kt-btns233_475bd1-01 .kt-button{font-weight:normal;font-style:normal;}.kt-btns233_475bd1-01 .kt-btn-wrap-0{margin-right:5px;}.wp-block-kadence-advancedbtn.kt-btns233_475bd1-01 .kt-btn-wrap-0 .kt-button{color:#555555;border-color:#555555;}.wp-block-kadence-advancedbtn.kt-btns233_475bd1-01 .kt-btn-wrap-0 .kt-button:hover, .wp-block-kadence-advancedbtn.kt-btns233_475bd1-01 .kt-btn-wrap-0 .kt-button:focus{color:#ffffff;border-color:#444444;}.wp-block-kadence-advancedbtn.kt-btns233_475bd1-01 .kt-btn-wrap-0 .kt-button::before{display:none;}.wp-block-kadence-advancedbtn.kt-btns233_475bd1-01 .kt-btn-wrap-0 .kt-button:hover, .wp-block-kadence-advancedbtn.kt-btns233_475bd1-01 .kt-btn-wrap-0 .kt-button:focus{background:#444444;}<\/style>\n<div class=\"wp-block-kadence-advancedbtn kb-buttons-wrap kb-btns233_475bd1-01\"><style>ul.menu .wp-block-kadence-advancedbtn .kb-btn233_45b3a0-9b.kb-button{width:initial;}.wp-block-kadence-advancedbtn .kb-btn233_45b3a0-9b.kb-button{color:var(--global-palette9, #ffffff);background:var(--global-palette5, #4A5568);}<\/style><a class=\"kb-button kt-button button kb-btn233_45b3a0-9b kt-btn-size-standard kt-btn-width-type-auto kb-btn-global-inherit  kt-btn-has-text-true kt-btn-has-svg-false  wp-block-button__link wp-block-kadence-singlebtn\" href=\"https:\/\/eshop.reseau-paysan.be\/\"><span class=\"kt-btn-inner-text\">e-Shop<\/span><\/a><\/div>\n<\/div><\/div>\n\n\n<style>.kadence-column233_0a2673-c6 > .kt-inside-inner-col{min-height:480px;}.kadence-column233_0a2673-c6 > .kt-inside-inner-col,.kadence-column233_0a2673-c6 > .kt-inside-inner-col:before{border-top-left-radius:0px;border-top-right-radius:0px;border-bottom-right-radius:0px;border-bottom-left-radius:0px;}.kadence-column233_0a2673-c6 > .kt-inside-inner-col{column-gap:var(--global-kb-gap-sm, 1rem);}.kadence-column233_0a2673-c6 > .kt-inside-inner-col{flex-direction:column;}.kadence-column233_0a2673-c6 > .kt-inside-inner-col > .aligncenter{width:100%;}.kadence-column233_0a2673-c6 > .kt-inside-inner-col{background-image:url('http:\/\/solidairementasbl.be\/wp-content\/uploads\/2024\/09\/Sans-titre-1.jpg');background-size:cover;background-position:60% 54%;background-attachment:scroll;background-repeat:no-repeat;}.kadence-column233_0a2673-c6 > .kt-inside-inner-col:before{opacity:0.3;}.kadence-column233_0a2673-c6{position:relative;}@media all and (max-width: 1024px){.kadence-column233_0a2673-c6 > .kt-inside-inner-col{flex-direction:column;justify-content:center;}}@media all and (max-width: 767px){.kadence-column233_0a2673-c6 > .kt-inside-inner-col{flex-direction:column;justify-content:center;}}<\/style>\n<div class=\"wp-block-kadence-column kadence-column233_0a2673-c6\"><div class=\"kt-inside-inner-col\"><\/div><\/div>\n\n<\/div><\/div>\n\n\n<p><br><\/p>\n","protected":false},"excerpt":{"rendered":"<p>Nous partageons avec le R\u00e9seau Paysan, le m\u00eame e-Shop Pour vous connecter ou cr\u00e9er un compte c&rsquo;est par ici :<\/p>\n","protected":false},"author":2,"featured_media":0,"parent":0,"menu_order":0,"comment_status":"closed","ping_status":"closed","template":"","meta":{"_kadence_starter_templates_imported_post":false,"_kad_post_transparent":"default","_kad_post_title":"hide","_kad_post_layout":"","_kad_post_sidebar_id":"","_kad_post_content_style":"","_kad_post_vertical_padding":"","_kad_post_feature":"","_kad_post_feature_position":"","_kad_post_header":false,"_kad_post_footer":false,"footnotes":""},"class_list":["post-233","page","type-page","status-publish","hentry"],"_links":{"self":[{"href":"https:\/\/solidairementasbl.be\/index.php\/wp-json\/wp\/v2\/pages\/233","targetHints":{"allow":["GET"]}}],"collection":[{"href":"https:\/\/solidairementasbl.be\/index.php\/wp-json\/wp\/v2\/pages"}],"about":[{"href":"https:\/\/solidairementasbl.be\/index.php\/wp-json\/wp\/v2\/types\/page"}],"author":[{"embeddable":true,"href":"https:\/\/solidairementasbl.be\/index.php\/wp-json\/wp\/v2\/users\/2"}],"replies":[{"embeddable":true,"href":"https:\/\/solidairementasbl.be\/index.php\/wp-json\/wp\/v2\/comments?post=233"}],"version-history":[{"count":7,"href":"https:\/\/solidairementasbl.be\/index.php\/wp-json\/wp\/v2\/pages\/233\/revisions"}],"predecessor-version":[{"id":244,"href":"https:\/\/solidairementasbl.be\/index.php\/wp-json\/wp\/v2\/pages\/233\/revisions\/244"}],"wp:attachment":[{"href":"https:\/\/solidairementasbl.be\/index.php\/wp-json\/wp\/v2\/media?parent=233"}],"curies":[{"name":"wp","href":"https:\/\/api.w.org\/{rel}","templated":true}]}}