{"id":441,"date":"2025-02-14T11:00:36","date_gmt":"2025-02-14T10:00:36","guid":{"rendered":"http:\/\/solidairementasbl.be\/?page_id=441"},"modified":"2025-02-14T11:15:31","modified_gmt":"2025-02-14T10:15:31","slug":"chevratte-etc","status":"publish","type":"page","link":"https:\/\/solidairementasbl.be\/index.php\/chevratte-etc\/","title":{"rendered":"Chevratte etc."},"content":{"rendered":"<style>.wp-block-kadence-spacer.kt-block-spacer-441_ec8098-62 .kt-block-spacer{height:137px;}.wp-block-kadence-spacer.kt-block-spacer-441_ec8098-62 .kt-divider{border-top-width:1px;height:1px;border-top-color:#eee;width:80%;border-top-style:solid;}<\/style>\n<div class=\"wp-block-kadence-spacer aligncenter kt-block-spacer-441_ec8098-62\"><div class=\"kt-block-spacer kt-block-spacer-halign-center\"><hr class=\"kt-divider\"\/><\/div><\/div>\n\n\n<style>.kadence-column441_930ee5-e6{max-width:1194px;margin-left:auto;margin-right:auto;}.wp-block-kadence-column.kb-section-dir-horizontal:not(.kb-section-md-dir-vertical)>.kt-inside-inner-col>.kadence-column441_930ee5-e6{-webkit-flex:0 1 1194px;flex:0 1 1194px;max-width:unset;margin-left:unset;margin-right:unset;}.kadence-column441_930ee5-e6 > .kt-inside-inner-col{min-height:500px;}.kadence-column441_930ee5-e6 > .kt-inside-inner-col,.kadence-column441_930ee5-e6 > .kt-inside-inner-col:before{border-top-left-radius:0px;border-top-right-radius:0px;border-bottom-right-radius:0px;border-bottom-left-radius:0px;}.kadence-column441_930ee5-e6 > .kt-inside-inner-col{column-gap:var(--global-kb-gap-sm, 1rem);}.kadence-column441_930ee5-e6 > .kt-inside-inner-col{flex-direction:column;}.kadence-column441_930ee5-e6 > .kt-inside-inner-col > .aligncenter{width:100%;}.kadence-column441_930ee5-e6 > .kt-inside-inner-col{background-image:url('http:\/\/solidairementasbl.be\/wp-content\/uploads\/2025\/02\/banniereQSN.jpg');background-size:cover;background-position:74% 38%;background-attachment:scroll;background-repeat:no-repeat;}.kadence-column441_930ee5-e6 > .kt-inside-inner-col:before{opacity:0.3;}.kadence-column441_930ee5-e6{position:relative;}@media all and (min-width: 1025px){.wp-block-kadence-column.kb-section-dir-horizontal>.kt-inside-inner-col>.kadence-column441_930ee5-e6{-webkit-flex:0 1 1194px;flex:0 1 1194px;max-width:unset;margin-left:unset;margin-right:unset;}}@media all and (max-width: 1024px){.kadence-column441_930ee5-e6 > .kt-inside-inner-col{flex-direction:column;justify-content:center;}}@media all and (max-width: 767px){.wp-block-kadence-column.kb-section-sm-dir-vertical:not(.kb-section-sm-dir-horizontal):not(.kb-section-sm-dir-specificity)>.kt-inside-inner-col>.kadence-column441_930ee5-e6{max-width:1194px;-webkit-flex:1;flex:1;margin-left:auto;margin-right:auto;}.kadence-column441_930ee5-e6 > .kt-inside-inner-col{flex-direction:column;justify-content:center;}}<\/style>\n<div class=\"wp-block-kadence-column kadence-column441_930ee5-e6 alignfull\"><div class=\"kt-inside-inner-col\"><\/div><\/div>\n\n\n<style>.kb-row-layout-id441_1a4cd1-fa > .kt-row-column-wrap{align-content:center;}:where(.kb-row-layout-id441_1a4cd1-fa > .kt-row-column-wrap) > .wp-block-kadence-column{justify-content:center;}.kb-row-layout-id441_1a4cd1-fa > .kt-row-column-wrap{column-gap:var(--global-kb-gap-none, 0rem );row-gap:var(--global-kb-gap-none, 0rem );max-width:1140px;margin-left:auto;margin-right:auto;padding-top:100px;padding-right:0px;padding-bottom:45px;padding-left:0px;grid-template-columns:minmax(0, calc(80% - ((var(--global-kb-gap-none, 0rem ) * 1 )\/2)))minmax(0, calc(20% - ((var(--global-kb-gap-none, 0rem ) * 1 )\/2)));}.kb-row-layout-id441_1a4cd1-fa > .kt-row-layout-overlay{opacity:0.04;}@media all and (max-width: 1024px){.kb-row-layout-id441_1a4cd1-fa > .kt-row-column-wrap{max-width:700px;margin-left:auto;margin-right:auto;padding-top:80px;padding-right:0px;padding-bottom:80px;padding-left:0px;grid-template-columns:minmax(0, 1fr);}}@media all and (max-width: 767px){.kb-row-layout-id441_1a4cd1-fa > .kt-row-column-wrap{padding-top:60px;padding-right:15px;padding-bottom:60px;padding-left:15px;grid-template-columns:minmax(0, 1fr);}}.kb-row-layout-id441_1a4cd1-fa .contact-img-1 img{margin: -80px 0px -80px 0px;}<\/style><div class=\"kb-row-layout-wrap kb-row-layout-id441_1a4cd1-fa alignfull has-theme-palette8-background-color kt-row-has-bg wp-block-kadence-rowlayout\"><div class=\"kt-row-column-wrap kt-has-2-columns kt-row-layout-equal kt-tab-layout-row kt-mobile-layout-row kt-row-valign-middle\">\n<style>.kadence-column441_2f97e3-26 > .kt-inside-inner-col{padding-top:10px;padding-right:10px;padding-bottom:10px;padding-left:10px;}.kadence-column441_2f97e3-26 > .kt-inside-inner-col,.kadence-column441_2f97e3-26 > .kt-inside-inner-col:before{border-top-left-radius:0px;border-top-right-radius:0px;border-bottom-right-radius:0px;border-bottom-left-radius:0px;}.kadence-column441_2f97e3-26 > .kt-inside-inner-col{column-gap:var(--global-kb-gap-sm, 1rem);}.kadence-column441_2f97e3-26 > .kt-inside-inner-col{flex-direction:column;}.kadence-column441_2f97e3-26 > .kt-inside-inner-col > .aligncenter{width:100%;}.kadence-column441_2f97e3-26 > .kt-inside-inner-col:before{opacity:0.3;}.kadence-column441_2f97e3-26{position:relative;}.kadence-column441_2f97e3-26, .kt-inside-inner-col > .kadence-column441_2f97e3-26:not(.specificity){margin-top:0px;margin-right:120px;margin-bottom:0px;margin-left:0px;}@media all and (max-width: 1024px){.kadence-column441_2f97e3-26 > .kt-inside-inner-col{flex-direction:column;justify-content:center;}}@media all and (max-width: 1024px){.kadence-column441_2f97e3-26, .kt-inside-inner-col > .kadence-column441_2f97e3-26:not(.specificity){margin-top:0px;margin-right:0px;margin-bottom:0px;margin-left:0px;}}@media all and (max-width: 767px){.kadence-column441_2f97e3-26 > .kt-inside-inner-col{padding-top:0px;padding-right:0px;padding-bottom:0px;padding-left:0px;flex-direction:column;justify-content:center;}}<\/style>\n<div class=\"wp-block-kadence-column kadence-column441_2f97e3-26 inner-column-1\"><div class=\"kt-inside-inner-col\"><style>.wp-block-kadence-advancedheading.kt-adv-heading441_e4bca5-84, .wp-block-kadence-advancedheading.kt-adv-heading441_e4bca5-84[data-kb-block=\"kb-adv-heading441_e4bca5-84\"]{margin-bottom:var(--global-kb-spacing-sm, 1.5rem);line-height:1em;font-weight:400;font-style:normal;text-transform:uppercase;letter-spacing:1px;}.wp-block-kadence-advancedheading.kt-adv-heading441_e4bca5-84 mark.kt-highlight, .wp-block-kadence-advancedheading.kt-adv-heading441_e4bca5-84[data-kb-block=\"kb-adv-heading441_e4bca5-84\"] mark.kt-highlight{font-style:normal;color:#f76a0c;-webkit-box-decoration-break:clone;box-decoration-break:clone;padding-top:0px;padding-right:0px;padding-bottom:0px;padding-left:0px;}@media all and (max-width: 1024px){.wp-block-kadence-advancedheading.kt-adv-heading441_e4bca5-84, .wp-block-kadence-advancedheading.kt-adv-heading441_e4bca5-84[data-kb-block=\"kb-adv-heading441_e4bca5-84\"]{text-align:center!important;}}<\/style>\n<h6 class=\"kt-adv-heading441_e4bca5-84 wp-block-kadence-advancedheading has-theme-palette-1-color has-text-color\" data-kb-block=\"kb-adv-heading441_e4bca5-84\">La coop\u00e9rative Chevratte etc. <\/h6>\n\n\n<style>.wp-block-kadence-advancedheading.kt-adv-heading441_d20f29-d6, .wp-block-kadence-advancedheading.kt-adv-heading441_d20f29-d6[data-kb-block=\"kb-adv-heading441_d20f29-d6\"]{margin-top:0px;margin-right:0px;margin-bottom:38.5px;margin-left:0px;font-size:var(--global-kb-font-size-md, 1.25rem);line-height:1.3em;font-style:normal;color:#0c7a4f;}.wp-block-kadence-advancedheading.kt-adv-heading441_d20f29-d6 mark.kt-highlight, .wp-block-kadence-advancedheading.kt-adv-heading441_d20f29-d6[data-kb-block=\"kb-adv-heading441_d20f29-d6\"] mark.kt-highlight{font-style:normal;color:#f76a0c;-webkit-box-decoration-break:clone;box-decoration-break:clone;padding-top:0px;padding-right:0px;padding-bottom:0px;padding-left:0px;}@media all and (max-width: 1024px){.wp-block-kadence-advancedheading.kt-adv-heading441_d20f29-d6, .wp-block-kadence-advancedheading.kt-adv-heading441_d20f29-d6[data-kb-block=\"kb-adv-heading441_d20f29-d6\"]{text-align:center!important;}}<\/style>\n<h1 class=\"kt-adv-heading441_d20f29-d6 wp-block-kadence-advancedheading\" data-kb-block=\"kb-adv-heading441_d20f29-d6\">Chevratte etc. \u00e0 pour objet d\u2019initier des projets de type social, culturel, environnemental, d\u2019insertion professionnelle, d\u2019\u00e9conomie, d\u2019\u00e9conomie sociale ou d\u2019\u00e9ducation permanente,\u00a0<br><br>&#8211; de valoriser, d\u2019encourager et d\u2019initier des dynamiques de propri\u00e9t\u00e9 collective et de mutualisation d\u2019outils et de savoirs,\u00a0<br><br>&#8211; d\u2019acqu\u00e9rir des b\u00e2timents, ou des terrains, afin de les mettre \u00e0 la disposition d\u2019associations et de collectifs impliqu\u00e9s sur le terrain social, culturel, environnemental, de l\u2019insertion professionnelle, de l\u2019\u00e9conomie, de l\u2019\u00e9conomie sociale et de l\u2019\u00e9ducation permanente et de la production agricole respectueuse de l\u2019environnement (mara\u00eechage, vergers, \u00e9colage en permaculture, etc.).\u00a0<br><br>Rendez vous sur le site sp\u00e9cialement d\u00e9di\u00e9 au projet : <br><a href=\"https:\/\/chevratte-etc.be\/\">https:\/\/chevratte-etc.be\/<\/a><\/h1>\n<\/div><\/div>\n\n\n<style>.kadence-column441_764382-0b > .kt-inside-inner-col{display:flex;}.kadence-column441_764382-0b > .kt-inside-inner-col,.kadence-column441_764382-0b > .kt-inside-inner-col:before{border-top-left-radius:0px;border-top-right-radius:0px;border-bottom-right-radius:0px;border-bottom-left-radius:0px;}.kadence-column441_764382-0b > .kt-inside-inner-col{column-gap:var(--global-kb-gap-sm, 1rem);}.kadence-column441_764382-0b > .kt-inside-inner-col{flex-direction:column;justify-content:center;}.kadence-column441_764382-0b > .kt-inside-inner-col > .aligncenter{width:100%;}.kt-row-column-wrap > .kadence-column441_764382-0b{align-self:center;}.kt-inner-column-height-full:not(.kt-has-1-columns) > .wp-block-kadence-column.kadence-column441_764382-0b{align-self:auto;}.kt-inner-column-height-full:not(.kt-has-1-columns) > .wp-block-kadence-column.kadence-column441_764382-0b > .kt-inside-inner-col{flex-direction:column;justify-content:center;}.kadence-column441_764382-0b > .kt-inside-inner-col:before{opacity:0.3;}.kadence-column441_764382-0b{position:relative;}@media all and (max-width: 1024px){.kt-row-column-wrap > .kadence-column441_764382-0b{align-self:center;}}@media all and (max-width: 1024px){.kt-inner-column-height-full:not(.kt-has-1-columns) > .wp-block-kadence-column.kadence-column441_764382-0b{align-self:auto;}}@media all and (max-width: 1024px){.kt-inner-column-height-full:not(.kt-has-1-columns) > .wp-block-kadence-column.kadence-column441_764382-0b > .kt-inside-inner-col{flex-direction:column;justify-content:center;}}@media all and (max-width: 1024px){.kadence-column441_764382-0b > .kt-inside-inner-col{flex-direction:column;justify-content:center;align-items:center;}}@media all and (max-width: 1024px){.kadence-column441_764382-0b, .kt-inside-inner-col > .kadence-column441_764382-0b:not(.specificity){margin-top:70px;margin-right:0px;margin-bottom:0px;margin-left:0px;}}@media all and (max-width: 767px){.kadence-column441_764382-0b > .kt-inside-inner-col{padding-top:0px;padding-right:0px;padding-bottom:0px;padding-left:0px;flex-direction:column;justify-content:center;align-items:center;}.kt-row-column-wrap > .kadence-column441_764382-0b{align-self:center;}.kt-inner-column-height-full:not(.kt-has-1-columns) > .wp-block-kadence-column.kadence-column441_764382-0b{align-self:auto;}.kt-inner-column-height-full:not(.kt-has-1-columns) > .wp-block-kadence-column.kadence-column441_764382-0b > .kt-inside-inner-col{flex-direction:column;justify-content:center;}.kadence-column441_764382-0b, .kt-inside-inner-col > .kadence-column441_764382-0b:not(.specificity){margin-bottom:-80px;}}<\/style>\n<div class=\"wp-block-kadence-column kadence-column441_764382-0b kb-section-dir-vertical inner-column-2\"><div class=\"kt-inside-inner-col\"><style>.kb-image441_065e92-84.kb-image-is-ratio-size, .kb-image441_065e92-84 .kb-image-is-ratio-size{max-width:241px;width:100%;}.wp-block-kadence-column > .kt-inside-inner-col > .kb-image441_065e92-84.kb-image-is-ratio-size, .wp-block-kadence-column > .kt-inside-inner-col > .kb-image441_065e92-84 .kb-image-is-ratio-size{align-self:unset;}.kb-image441_065e92-84{max-width:241px;}.image-is-svg.kb-image441_065e92-84{-webkit-flex:0 1 100%;flex:0 1 100%;}.image-is-svg.kb-image441_065e92-84 img{width:100%;}.kb-image441_065e92-84 .kb-image-has-overlay:after{opacity:0.3;}<\/style>\n<figure class=\"wp-block-kadence-image kb-image441_065e92-84 size-full\"><img loading=\"lazy\" decoding=\"async\" width=\"510\" height=\"289\" src=\"http:\/\/solidairementasbl.be\/wp-content\/uploads\/2025\/02\/LOGO_SITE.png\" alt=\"\" class=\"kb-img wp-image-448\" srcset=\"https:\/\/solidairementasbl.be\/wp-content\/uploads\/2025\/02\/LOGO_SITE.png 510w, https:\/\/solidairementasbl.be\/wp-content\/uploads\/2025\/02\/LOGO_SITE-300x170.png 300w\" sizes=\"auto, (max-width: 510px) 100vw, 510px\" \/><\/figure>\n<\/div><\/div>\n\n<\/div><\/div>\n\n<style>.kb-row-layout-id441_231e66-41 > .kt-row-column-wrap{align-content:center;}:where(.kb-row-layout-id441_231e66-41 > .kt-row-column-wrap) > .wp-block-kadence-column{justify-content:center;}.kb-row-layout-id441_231e66-41 > .kt-row-column-wrap{column-gap:var(--global-kb-gap-none, 0rem );row-gap:var(--global-kb-gap-none, 0rem );max-width:1140px;margin-left:auto;margin-right:auto;padding-top:0px;padding-right:0px;padding-bottom:100px;padding-left:0px;grid-template-columns:minmax(0, calc(80% - ((var(--global-kb-gap-none, 0rem ) * 1 )\/2)))minmax(0, calc(20% - ((var(--global-kb-gap-none, 0rem ) * 1 )\/2)));}.kb-row-layout-id441_231e66-41 > .kt-row-layout-overlay{opacity:0.04;}@media all and (max-width: 1024px){.kb-row-layout-id441_231e66-41 > .kt-row-column-wrap{max-width:700px;margin-left:auto;margin-right:auto;padding-top:80px;padding-right:0px;padding-bottom:80px;padding-left:0px;grid-template-columns:minmax(0, 1fr);}}@media all and (max-width: 767px){.kb-row-layout-id441_231e66-41 > .kt-row-column-wrap{padding-top:60px;padding-right:15px;padding-bottom:60px;padding-left:15px;grid-template-columns:minmax(0, 1fr);}}.kb-row-layout-id441_231e66-41 .contact-img-1 img{margin: -80px 0px -80px 0px;}<\/style><div class=\"kb-row-layout-wrap kb-row-layout-id441_231e66-41 alignfull has-theme-palette8-background-color kt-row-has-bg wp-block-kadence-rowlayout\"><div class=\"kt-row-column-wrap kt-has-2-columns kt-row-layout-equal kt-tab-layout-row kt-mobile-layout-row kt-row-valign-middle\">\n<style>.kadence-column441_1b2230-0b > .kt-inside-inner-col,.kadence-column441_1b2230-0b > .kt-inside-inner-col:before{border-top-left-radius:0px;border-top-right-radius:0px;border-bottom-right-radius:0px;border-bottom-left-radius:0px;}.kadence-column441_1b2230-0b > .kt-inside-inner-col{column-gap:var(--global-kb-gap-sm, 1rem);}.kadence-column441_1b2230-0b > .kt-inside-inner-col{flex-direction:column;}.kadence-column441_1b2230-0b > .kt-inside-inner-col > .aligncenter{width:100%;}.kadence-column441_1b2230-0b > .kt-inside-inner-col:before{opacity:0.3;}.kadence-column441_1b2230-0b{position:relative;}@media all and (max-width: 1024px){.kadence-column441_1b2230-0b > .kt-inside-inner-col{flex-direction:column;justify-content:center;}}@media all and (max-width: 767px){.kadence-column441_1b2230-0b > .kt-inside-inner-col{flex-direction:column;justify-content:center;}}<\/style>\n<div class=\"wp-block-kadence-column kadence-column441_1b2230-0b\"><div class=\"kt-inside-inner-col\"><\/div><\/div>\n\n\n<style>.kadence-column441_7e9252-46 > .kt-inside-inner-col,.kadence-column441_7e9252-46 > .kt-inside-inner-col:before{border-top-left-radius:0px;border-top-right-radius:0px;border-bottom-right-radius:0px;border-bottom-left-radius:0px;}.kadence-column441_7e9252-46 > .kt-inside-inner-col{column-gap:var(--global-kb-gap-sm, 1rem);}.kadence-column441_7e9252-46 > .kt-inside-inner-col{flex-direction:column;}.kadence-column441_7e9252-46 > .kt-inside-inner-col > .aligncenter{width:100%;}.kadence-column441_7e9252-46 > .kt-inside-inner-col:before{opacity:0.3;}.kadence-column441_7e9252-46{position:relative;}@media all and (max-width: 1024px){.kadence-column441_7e9252-46 > .kt-inside-inner-col{flex-direction:column;justify-content:center;}}@media all and (max-width: 767px){.kadence-column441_7e9252-46 > .kt-inside-inner-col{flex-direction:column;justify-content:center;}}<\/style>\n<div class=\"wp-block-kadence-column kadence-column441_7e9252-46\"><div class=\"kt-inside-inner-col\"><\/div><\/div>\n\n<\/div><\/div>","protected":false},"excerpt":{"rendered":"<p>La coop\u00e9rative Chevratte etc. Chevratte etc. \u00e0 pour objet d\u2019initier des projets de type social, culturel, environnemental, d\u2019insertion professionnelle, d\u2019\u00e9conomie, d\u2019\u00e9conomie sociale ou d\u2019\u00e9ducation permanente,\u00a0 &#8211; de valoriser, d\u2019encourager et d\u2019initier des dynamiques de propri\u00e9t\u00e9 collective et de mutualisation d\u2019outils et de savoirs,\u00a0 &#8211; d\u2019acqu\u00e9rir des b\u00e2timents, ou des terrains, afin de les mettre \u00e0&#8230;<\/p>\n","protected":false},"author":2,"featured_media":0,"parent":0,"menu_order":0,"comment_status":"closed","ping_status":"closed","template":"","meta":{"_kadence_starter_templates_imported_post":false,"_kad_post_transparent":"","_kad_post_title":"hide","_kad_post_layout":"fullwidth","_kad_post_sidebar_id":"","_kad_post_content_style":"","_kad_post_vertical_padding":"","_kad_post_feature":"","_kad_post_feature_position":"","_kad_post_header":false,"_kad_post_footer":false,"footnotes":""},"class_list":["post-441","page","type-page","status-publish","hentry"],"_links":{"self":[{"href":"https:\/\/solidairementasbl.be\/index.php\/wp-json\/wp\/v2\/pages\/441","targetHints":{"allow":["GET"]}}],"collection":[{"href":"https:\/\/solidairementasbl.be\/index.php\/wp-json\/wp\/v2\/pages"}],"about":[{"href":"https:\/\/solidairementasbl.be\/index.php\/wp-json\/wp\/v2\/types\/page"}],"author":[{"embeddable":true,"href":"https:\/\/solidairementasbl.be\/index.php\/wp-json\/wp\/v2\/users\/2"}],"replies":[{"embeddable":true,"href":"https:\/\/solidairementasbl.be\/index.php\/wp-json\/wp\/v2\/comments?post=441"}],"version-history":[{"count":6,"href":"https:\/\/solidairementasbl.be\/index.php\/wp-json\/wp\/v2\/pages\/441\/revisions"}],"predecessor-version":[{"id":451,"href":"https:\/\/solidairementasbl.be\/index.php\/wp-json\/wp\/v2\/pages\/441\/revisions\/451"}],"wp:attachment":[{"href":"https:\/\/solidairementasbl.be\/index.php\/wp-json\/wp\/v2\/media?parent=441"}],"curies":[{"name":"wp","href":"https:\/\/api.w.org\/{rel}","templated":true}]}}