{"id":70,"date":"2024-05-06T16:00:25","date_gmt":"2024-05-06T14:00:25","guid":{"rendered":"http:\/\/solidairementasbl.be\/?page_id=70"},"modified":"2026-01-15T14:54:48","modified_gmt":"2026-01-15T13:54:48","slug":"partenaires","status":"publish","type":"page","link":"https:\/\/solidairementasbl.be\/index.php\/partenaires\/","title":{"rendered":"partenaires"},"content":{"rendered":"<style>.kb-row-layout-id70_ecbfe0-b5 > .kt-row-column-wrap{align-content:start;}:where(.kb-row-layout-id70_ecbfe0-b5 > .kt-row-column-wrap) > .wp-block-kadence-column{justify-content:start;}.kb-row-layout-id70_ecbfe0-b5 > .kt-row-column-wrap{column-gap:var(--global-kb-gap-md, 2rem);row-gap:var(--global-kb-gap-md, 2rem);max-width:var( --global-content-width, 1290px );padding-left:var(--global-content-edge-padding);padding-right:var(--global-content-edge-padding);padding-top:var(--global-kb-spacing-xxl, 5rem);grid-template-columns:repeat(2, minmax(0, 1fr));}.kb-row-layout-id70_ecbfe0-b5{border-top:40px solid var(--global-palette8, #F7FAFC);border-bottom:40px solid var(--global-palette8, #F7FAFC);}.kb-row-layout-id70_ecbfe0-b5{background-image:url('http:\/\/solidairementasbl.be\/wp-content\/uploads\/2024\/09\/IMG_0733.jpg');background-size:cover;background-position:100% 50%;background-attachment:scroll;background-repeat:no-repeat;}.kb-row-layout-id70_ecbfe0-b5 > .kt-row-layout-overlay{opacity:1;background:linear-gradient(90deg,var(--global-palette8,#F7FAFC) 30%,rgba(255,255,255,0) 30%);}@media all and (max-width: 1024px){.kb-row-layout-id70_ecbfe0-b5 > .kt-row-column-wrap{column-gap:var(--global-kb-gap-md, 2rem);grid-template-columns:minmax(0, 2fr) minmax(0, 1fr);}}@media all and (max-width: 1024px){.kb-row-layout-id70_ecbfe0-b5{border-top:40px solid var(--global-palette8, #F7FAFC);border-bottom:40px solid var(--global-palette8, #F7FAFC);}}@media all and (max-width: 767px){.kb-row-layout-id70_ecbfe0-b5 > .kt-row-column-wrap{padding-top:var(--global-kb-spacing-lg, 3rem);padding-bottom:var(--global-kb-spacing-lg, 3rem);grid-template-columns:minmax(0, 1fr);}.kb-row-layout-id70_ecbfe0-b5{border-top:40px solid var(--global-palette8, #F7FAFC);border-bottom:40px solid var(--global-palette8, #F7FAFC);}.kb-row-layout-id70_ecbfe0-b5 > .kt-row-layout-overlay{opacity:0.00;}}<\/style><div class=\"kb-row-layout-wrap kb-row-layout-id70_ecbfe0-b5 alignfull has-theme-palette8-background-color kt-row-has-bg wp-block-kadence-rowlayout\"><div class=\"kt-row-layout-overlay kt-row-overlay-gradient\"><\/div><div class=\"kt-row-column-wrap kt-has-2-columns kt-row-layout-equal kt-tab-layout-left-golden kt-mobile-layout-row kt-row-valign-top kb-theme-content-width\">\n<style>.kadence-column70_b27972-be > .kt-inside-inner-col{padding-top:var(--global-kb-spacing-xl, 4rem);padding-right:var(--global-kb-spacing-xl, 4rem);padding-bottom:var(--global-kb-spacing-xl, 4rem);padding-left:var(--global-kb-spacing-xl, 4rem);}.kadence-column70_b27972-be > .kt-inside-inner-col,.kadence-column70_b27972-be > .kt-inside-inner-col:before{border-top-left-radius:7px;border-top-right-radius:7px;border-bottom-right-radius:7px;border-bottom-left-radius:7px;}.kadence-column70_b27972-be > .kt-inside-inner-col{column-gap:var(--global-kb-gap-sm, 1rem);}.kadence-column70_b27972-be > .kt-inside-inner-col{flex-direction:column;}.kadence-column70_b27972-be > .kt-inside-inner-col > .aligncenter{width:100%;}.kadence-column70_b27972-be > .kt-inside-inner-col{background-color:var(--global-palette9, #ffffff);}.kadence-column70_b27972-be > .kt-inside-inner-col:before{opacity:0.3;}.kadence-column70_b27972-be{position:relative;}@media all and (max-width: 1024px){.kadence-column70_b27972-be > .kt-inside-inner-col{flex-direction:column;justify-content:center;}}@media all and (max-width: 767px){.kadence-column70_b27972-be > .kt-inside-inner-col{padding-top:var(--global-kb-spacing-md, 2rem);padding-right:var(--global-kb-spacing-md, 2rem);padding-bottom:var(--global-kb-spacing-md, 2rem);padding-left:var(--global-kb-spacing-md, 2rem);flex-direction:column;justify-content:center;}}<\/style>\n<div class=\"wp-block-kadence-column kadence-column70_b27972-be\"><div class=\"kt-inside-inner-col\"><style>.wp-block-kadence-advancedheading.kt-adv-heading70_628fc5-7e, .wp-block-kadence-advancedheading.kt-adv-heading70_628fc5-7e[data-kb-block=\"kb-adv-heading70_628fc5-7e\"]{margin-bottom:var(--global-kb-spacing-xs, 1rem);font-size:32px;line-height:1.3;font-style:normal;}.wp-block-kadence-advancedheading.kt-adv-heading70_628fc5-7e mark.kt-highlight, .wp-block-kadence-advancedheading.kt-adv-heading70_628fc5-7e[data-kb-block=\"kb-adv-heading70_628fc5-7e\"] mark.kt-highlight{font-style:normal;color:#f76a0c;-webkit-box-decoration-break:clone;box-decoration-break:clone;padding-top:0px;padding-right:0px;padding-bottom:0px;padding-left:0px;}<\/style>\n<h2 class=\"kt-adv-heading70_628fc5-7e wp-block-kadence-advancedheading has-theme-palette-3-color has-text-color\" data-kb-block=\"kb-adv-heading70_628fc5-7e\">Partenaires de Tourn\u00e9e V\u00e9g\u00e9tale <\/h2>\n\n\n<style>.wp-block-kadence-advancedheading.kt-adv-heading70_38e2ea-0d, .wp-block-kadence-advancedheading.kt-adv-heading70_38e2ea-0d[data-kb-block=\"kb-adv-heading70_38e2ea-0d\"]{font-style:normal;}.wp-block-kadence-advancedheading.kt-adv-heading70_38e2ea-0d mark.kt-highlight, .wp-block-kadence-advancedheading.kt-adv-heading70_38e2ea-0d[data-kb-block=\"kb-adv-heading70_38e2ea-0d\"] mark.kt-highlight{font-style:normal;color:#f76a0c;-webkit-box-decoration-break:clone;box-decoration-break:clone;padding-top:0px;padding-right:0px;padding-bottom:0px;padding-left:0px;}<\/style>\n<h2 class=\"kt-adv-heading70_38e2ea-0d wp-block-kadence-advancedheading has-theme-palette-4-color has-text-color\" data-kb-block=\"kb-adv-heading70_38e2ea-0d\">Producteurs partenaires : <\/h2>\n\n\n\n<p>Ferme de P\u00e2ques (L\u00e9glise), P\u2019tite Nature (Florenville), Les filles Bonhomme (Tintigny), Ferme de la Rousette (Virton), Verger demi-Lune (Virton), S\u00e9bastien Berthelon (Meuse Fr),<br>Agrinova-Bionatura-Terramata (Sicile), Reinettes &amp; Co (Havelange), Les Racines d\u2019or (Flassigny Fr)<\/p>\n\n\n<style>.wp-block-kadence-advancedheading.kt-adv-heading70_5f5a76-94, .wp-block-kadence-advancedheading.kt-adv-heading70_5f5a76-94[data-kb-block=\"kb-adv-heading70_5f5a76-94\"]{font-style:normal;}.wp-block-kadence-advancedheading.kt-adv-heading70_5f5a76-94 mark.kt-highlight, .wp-block-kadence-advancedheading.kt-adv-heading70_5f5a76-94[data-kb-block=\"kb-adv-heading70_5f5a76-94\"] mark.kt-highlight{font-style:normal;color:#f76a0c;-webkit-box-decoration-break:clone;box-decoration-break:clone;padding-top:0px;padding-right:0px;padding-bottom:0px;padding-left:0px;}<\/style>\n<h2 class=\"kt-adv-heading70_5f5a76-94 wp-block-kadence-advancedheading has-theme-palette-4-color has-text-color\" data-kb-block=\"kb-adv-heading70_5f5a76-94\"><a href=\"https:\/\/fr.wikipedia.org\/wiki\/%C3%89\">\u00c9<\/a>piceries partenaires : <\/h2>\n\n\n\n<p>Epicentre (Meix-devant-Virton), Epicerise (Chiny), Un poids c\u2019est tout (Etalle), Epices et tout (Arlon), Le cellier du baudet (Bertrix), Epicerie Paysanne (Florenville), Ferme de l\u2019esp\u00e9rance (Prouvy), Ferme de la Gagi\u00e8re (Neufchateau), Ferme de P\u00e2ques (L\u00e9glise)<\/p>\n\n\n<style>.wp-block-kadence-advancedheading.kt-adv-heading70_6e476f-bb, .wp-block-kadence-advancedheading.kt-adv-heading70_6e476f-bb[data-kb-block=\"kb-adv-heading70_6e476f-bb\"]{font-style:normal;}.wp-block-kadence-advancedheading.kt-adv-heading70_6e476f-bb mark.kt-highlight, .wp-block-kadence-advancedheading.kt-adv-heading70_6e476f-bb[data-kb-block=\"kb-adv-heading70_6e476f-bb\"] mark.kt-highlight{font-style:normal;color:#f76a0c;-webkit-box-decoration-break:clone;box-decoration-break:clone;padding-top:0px;padding-right:0px;padding-bottom:0px;padding-left:0px;}<\/style>\n<h2 class=\"kt-adv-heading70_6e476f-bb wp-block-kadence-advancedheading has-theme-palette-4-color has-text-color\" data-kb-block=\"kb-adv-heading70_6e476f-bb\">Collectivit\u00e9s et restaurants partenaires : <\/h2>\n\n\n\n<p>Halle de Han (Tintigny), IMP La Providence (Etalle), Les<br>gourmands disent (Virton), Lady Green (Fratin), Les Pr\u00e9s verts (Virton), La<br>Grappe d\u2019or (Arlon), Centre d\u2019\u00e9conomie rurale (Marloie), CPAS de Libin, Le Pr\u00e9fleuri (Neufchateau), Institut<br>Sainte-Anne (Florenville), Traiteur Polo (Etalle).<\/p>\n<\/div><\/div>\n\n\n<style>.kadence-column70_6de4f4-28 > .kt-inside-inner-col,.kadence-column70_6de4f4-28 > .kt-inside-inner-col:before{border-top-left-radius:0px;border-top-right-radius:0px;border-bottom-right-radius:0px;border-bottom-left-radius:0px;}.kadence-column70_6de4f4-28 > .kt-inside-inner-col{column-gap:var(--global-kb-gap-sm, 1rem);}.kadence-column70_6de4f4-28 > .kt-inside-inner-col{flex-direction:column;}.kadence-column70_6de4f4-28 > .kt-inside-inner-col > .aligncenter{width:100%;}.kadence-column70_6de4f4-28 > .kt-inside-inner-col:before{opacity:0.3;}.kadence-column70_6de4f4-28{position:relative;}@media all and (max-width: 1024px){.kadence-column70_6de4f4-28 > .kt-inside-inner-col{flex-direction:column;justify-content:center;}}@media all and (max-width: 767px){.kadence-column70_6de4f4-28 > .kt-inside-inner-col{flex-direction:column;justify-content:center;}}<\/style>\n<div class=\"wp-block-kadence-column kadence-column70_6de4f4-28\"><div class=\"kt-inside-inner-col\"><style>.wp-block-kadence-advancedheading.kt-adv-heading70_0b3c8d-54, .wp-block-kadence-advancedheading.kt-adv-heading70_0b3c8d-54[data-kb-block=\"kb-adv-heading70_0b3c8d-54\"]{padding-top:var(--global-kb-spacing-sm, 1.5rem);padding-right:var(--global-kb-spacing-sm, 1.5rem);padding-bottom:var(--global-kb-spacing-sm, 1.5rem);padding-left:var(--global-kb-spacing-sm, 1.5rem);text-align:left;font-style:normal;}.wp-block-kadence-advancedheading.kt-adv-heading70_0b3c8d-54 mark.kt-highlight, .wp-block-kadence-advancedheading.kt-adv-heading70_0b3c8d-54[data-kb-block=\"kb-adv-heading70_0b3c8d-54\"] mark.kt-highlight{font-style:normal;color:#f76a0c;-webkit-box-decoration-break:clone;box-decoration-break:clone;padding-top:0px;padding-right:0px;padding-bottom:0px;padding-left:0px;}<\/style>\n<h2 class=\"kt-adv-heading70_0b3c8d-54 wp-block-kadence-advancedheading has-theme-palette-7-color has-text-color has-theme-palette-2-background-color has-background\" data-kb-block=\"kb-adv-heading70_0b3c8d-54\">PORTEUR DE PROJET :<br>Solidairement est une asbl bas\u00e9e \u00e0 Meix-devant-Virton qui a pour but de : \u00ab (\u2026)<br>promouvoir le commerce \u00e9quitable et les productions locales, d\u2019encourager l\u2019entraide entre les habitants et les \u00e9changes de savoirs \u00bb. <br><br>Depuis sa cr\u00e9ation en 2007, l\u2019asbl a pu se forger une exp\u00e9rience utile au projet \u00e0 travers l\u2019animation du<br>magasin coop\u00e9ratif l\u2019\u00e9picentre, la cr\u00e9ation de r\u00e9seau des grosses l\u00e9gumes (production et distribution<br>de paniers de l\u00e9gumes entre 2009 et 2015), la mise en place du r\u00e9seau Paysan (r\u00e9seau logistique<br>regroupant producteurs et artisans locaux, magasins de proximit\u00e9 et restaurants).<br><br>La COOP\u00c9RATIVE R\u00c9SEAU PAYSAN :<br>structure ind\u00e9pendante de l\u2019ASBL depuis 2017, la coop\u00e9rative est devenue un acteur logistique incontournable de la province et regroupe aujourd\u2019hui 100 producteurs et 112 acheteurs professionnels.<br><\/h2>\n\n\n\n<p><br><br><br><br><br><\/p>\n<\/div><\/div>\n\n<\/div><\/div>\n\n<style>.kb-row-layout-id70_45d03e-61 > .kt-row-column-wrap{align-content:start;}:where(.kb-row-layout-id70_45d03e-61 > .kt-row-column-wrap) > .wp-block-kadence-column{justify-content:start;}.kb-row-layout-id70_45d03e-61 > .kt-row-column-wrap{column-gap:var(--global-kb-gap-md, 2rem);row-gap:var(--global-kb-gap-md, 2rem);padding-bottom:var(--global-kb-spacing-sm, 1.5rem);grid-template-columns:repeat(6, minmax(0, 1fr));}.kb-row-layout-id70_45d03e-61 > .kt-row-layout-overlay{opacity:0.30;}@media all and (max-width: 1024px){.kb-row-layout-id70_45d03e-61 > .kt-row-column-wrap{grid-template-columns:repeat(6, minmax(0, 1fr));}}@media all and (max-width: 767px){.kb-row-layout-id70_45d03e-61 > .kt-row-column-wrap{grid-template-columns:minmax(0, 1fr);}}<\/style><div class=\"kb-row-layout-wrap kb-row-layout-id70_45d03e-61 alignnone wp-block-kadence-rowlayout\"><div class=\"kt-row-column-wrap kt-has-6-columns kt-row-layout-equal kt-tab-layout-inherit kt-mobile-layout-row kt-row-valign-top\">\n<style>.kadence-column70_3ca5ac-00 > .kt-inside-inner-col,.kadence-column70_3ca5ac-00 > .kt-inside-inner-col:before{border-top-left-radius:0px;border-top-right-radius:0px;border-bottom-right-radius:0px;border-bottom-left-radius:0px;}.kadence-column70_3ca5ac-00 > .kt-inside-inner-col{column-gap:var(--global-kb-gap-sm, 1rem);}.kadence-column70_3ca5ac-00 > .kt-inside-inner-col{flex-direction:column;}.kadence-column70_3ca5ac-00 > .kt-inside-inner-col > .aligncenter{width:100%;}.kadence-column70_3ca5ac-00 > .kt-inside-inner-col:before{opacity:0.3;}.kadence-column70_3ca5ac-00{position:relative;}@media all and (max-width: 1024px){.kadence-column70_3ca5ac-00 > .kt-inside-inner-col{flex-direction:column;justify-content:center;}}@media all and (max-width: 767px){.kadence-column70_3ca5ac-00 > .kt-inside-inner-col{flex-direction:column;justify-content:center;}}<\/style>\n<div class=\"wp-block-kadence-column kadence-column70_3ca5ac-00\"><div class=\"kt-inside-inner-col\"><style>.kb-image70_d4fe1f-5f .kb-image-has-overlay:after{opacity:0.3;}<\/style>\n<figure class=\"wp-block-kadence-image kb-image70_d4fe1f-5f size-full\"><img loading=\"lazy\" decoding=\"async\" width=\"190\" height=\"187\" src=\"http:\/\/solidairementasbl.be\/wp-content\/uploads\/2024\/09\/Screenshot_5-1.jpg\" alt=\"\" class=\"kb-img wp-image-216\"\/><\/figure>\n<\/div><\/div>\n\n\n<style>.kadence-column70_0fb495-d4 > .kt-inside-inner-col,.kadence-column70_0fb495-d4 > .kt-inside-inner-col:before{border-top-left-radius:0px;border-top-right-radius:0px;border-bottom-right-radius:0px;border-bottom-left-radius:0px;}.kadence-column70_0fb495-d4 > .kt-inside-inner-col{column-gap:var(--global-kb-gap-sm, 1rem);}.kadence-column70_0fb495-d4 > .kt-inside-inner-col{flex-direction:column;}.kadence-column70_0fb495-d4 > .kt-inside-inner-col > .aligncenter{width:100%;}.kadence-column70_0fb495-d4 > .kt-inside-inner-col:before{opacity:0.3;}.kadence-column70_0fb495-d4{position:relative;}@media all and (max-width: 1024px){.kadence-column70_0fb495-d4 > .kt-inside-inner-col{flex-direction:column;justify-content:center;}}@media all and (max-width: 767px){.kadence-column70_0fb495-d4 > .kt-inside-inner-col{flex-direction:column;justify-content:center;}}<\/style>\n<div class=\"wp-block-kadence-column kadence-column70_0fb495-d4\"><div class=\"kt-inside-inner-col\"><style>.kb-image70_0b182d-49 .kb-image-has-overlay:after{opacity:0.3;}<\/style>\n<figure class=\"wp-block-kadence-image kb-image70_0b182d-49 size-full\"><img loading=\"lazy\" decoding=\"async\" width=\"555\" height=\"383\" src=\"http:\/\/solidairementasbl.be\/wp-content\/uploads\/2024\/04\/cropped-logo-solidairement.png\" alt=\"\" class=\"kb-img wp-image-24\" srcset=\"https:\/\/solidairementasbl.be\/wp-content\/uploads\/2024\/04\/cropped-logo-solidairement.png 555w, https:\/\/solidairementasbl.be\/wp-content\/uploads\/2024\/04\/cropped-logo-solidairement-300x207.png 300w\" sizes=\"auto, (max-width: 555px) 100vw, 555px\" \/><\/figure>\n<\/div><\/div>\n\n\n<style>.kadence-column70_b734a1-d7 > .kt-inside-inner-col,.kadence-column70_b734a1-d7 > .kt-inside-inner-col:before{border-top-left-radius:0px;border-top-right-radius:0px;border-bottom-right-radius:0px;border-bottom-left-radius:0px;}.kadence-column70_b734a1-d7 > .kt-inside-inner-col{column-gap:var(--global-kb-gap-sm, 1rem);}.kadence-column70_b734a1-d7 > .kt-inside-inner-col{flex-direction:column;}.kadence-column70_b734a1-d7 > .kt-inside-inner-col > .aligncenter{width:100%;}.kadence-column70_b734a1-d7 > .kt-inside-inner-col:before{opacity:0.3;}.kadence-column70_b734a1-d7{position:relative;}@media all and (max-width: 1024px){.kadence-column70_b734a1-d7 > .kt-inside-inner-col{flex-direction:column;justify-content:center;}}@media all and (max-width: 767px){.kadence-column70_b734a1-d7 > .kt-inside-inner-col{flex-direction:column;justify-content:center;}}<\/style>\n<div class=\"wp-block-kadence-column kadence-column70_b734a1-d7\"><div class=\"kt-inside-inner-col\"><\/div><\/div>\n\n\n<style>.kadence-column70_2659ab-c8 > .kt-inside-inner-col,.kadence-column70_2659ab-c8 > .kt-inside-inner-col:before{border-top-left-radius:0px;border-top-right-radius:0px;border-bottom-right-radius:0px;border-bottom-left-radius:0px;}.kadence-column70_2659ab-c8 > .kt-inside-inner-col{column-gap:var(--global-kb-gap-sm, 1rem);}.kadence-column70_2659ab-c8 > .kt-inside-inner-col{flex-direction:column;}.kadence-column70_2659ab-c8 > .kt-inside-inner-col > .aligncenter{width:100%;}.kadence-column70_2659ab-c8 > .kt-inside-inner-col:before{opacity:0.3;}.kadence-column70_2659ab-c8{position:relative;}@media all and (max-width: 1024px){.kadence-column70_2659ab-c8 > .kt-inside-inner-col{flex-direction:column;justify-content:center;}}@media all and (max-width: 767px){.kadence-column70_2659ab-c8 > .kt-inside-inner-col{flex-direction:column;justify-content:center;}}<\/style>\n<div class=\"wp-block-kadence-column kadence-column70_2659ab-c8\"><div class=\"kt-inside-inner-col\"><\/div><\/div>\n\n\n<style>.kadence-column70_5c4b9e-9c > .kt-inside-inner-col,.kadence-column70_5c4b9e-9c > .kt-inside-inner-col:before{border-top-left-radius:0px;border-top-right-radius:0px;border-bottom-right-radius:0px;border-bottom-left-radius:0px;}.kadence-column70_5c4b9e-9c > .kt-inside-inner-col{column-gap:var(--global-kb-gap-sm, 1rem);}.kadence-column70_5c4b9e-9c > .kt-inside-inner-col{flex-direction:column;}.kadence-column70_5c4b9e-9c > .kt-inside-inner-col > .aligncenter{width:100%;}.kadence-column70_5c4b9e-9c > .kt-inside-inner-col:before{opacity:0.3;}.kadence-column70_5c4b9e-9c{position:relative;}@media all and (max-width: 1024px){.kadence-column70_5c4b9e-9c > .kt-inside-inner-col{flex-direction:column;justify-content:center;}}@media all and (max-width: 767px){.kadence-column70_5c4b9e-9c > .kt-inside-inner-col{flex-direction:column;justify-content:center;}}<\/style>\n<div class=\"wp-block-kadence-column kadence-column70_5c4b9e-9c\"><div class=\"kt-inside-inner-col\"><\/div><\/div>\n\n\n<style>.kadence-column70_c11d51-65 > .kt-inside-inner-col,.kadence-column70_c11d51-65 > .kt-inside-inner-col:before{border-top-left-radius:0px;border-top-right-radius:0px;border-bottom-right-radius:0px;border-bottom-left-radius:0px;}.kadence-column70_c11d51-65 > .kt-inside-inner-col{column-gap:var(--global-kb-gap-sm, 1rem);}.kadence-column70_c11d51-65 > .kt-inside-inner-col{flex-direction:column;}.kadence-column70_c11d51-65 > .kt-inside-inner-col > .aligncenter{width:100%;}.kadence-column70_c11d51-65 > .kt-inside-inner-col:before{opacity:0.3;}.kadence-column70_c11d51-65{position:relative;}@media all and (max-width: 1024px){.kadence-column70_c11d51-65 > .kt-inside-inner-col{flex-direction:column;justify-content:center;}}@media all and (max-width: 767px){.kadence-column70_c11d51-65 > .kt-inside-inner-col{flex-direction:column;justify-content:center;}}<\/style>\n<div class=\"wp-block-kadence-column kadence-column70_c11d51-65\"><div class=\"kt-inside-inner-col\"><\/div><\/div>\n\n<\/div><\/div>\n\n<style>.kb-image70_c341a8-7a .kb-image-has-overlay:after{opacity:0.3;}<\/style>\n<figure class=\"wp-block-kadence-image kb-image70_c341a8-7a size-full\"><img loading=\"lazy\" decoding=\"async\" width=\"1920\" height=\"1080\" src=\"http:\/\/solidairementasbl.be\/wp-content\/uploads\/2024\/09\/carte-site.jpg\" alt=\"\" class=\"kb-img wp-image-312\" srcset=\"https:\/\/solidairementasbl.be\/wp-content\/uploads\/2024\/09\/carte-site.jpg 1920w, https:\/\/solidairementasbl.be\/wp-content\/uploads\/2024\/09\/carte-site-300x169.jpg 300w, https:\/\/solidairementasbl.be\/wp-content\/uploads\/2024\/09\/carte-site-1024x576.jpg 1024w, https:\/\/solidairementasbl.be\/wp-content\/uploads\/2024\/09\/carte-site-768x432.jpg 768w, https:\/\/solidairementasbl.be\/wp-content\/uploads\/2024\/09\/carte-site-1536x864.jpg 1536w\" sizes=\"auto, (max-width: 1920px) 100vw, 1920px\" \/><\/figure>\n","protected":false},"excerpt":{"rendered":"<p>Partenaires de Tourn\u00e9e V\u00e9g\u00e9tale Producteurs partenaires : Ferme de P\u00e2ques (L\u00e9glise), P\u2019tite Nature (Florenville), Les filles Bonhomme (Tintigny), Ferme de la Rousette (Virton), Verger demi-Lune (Virton), S\u00e9bastien Berthelon (Meuse Fr),Agrinova-Bionatura-Terramata (Sicile), Reinettes &amp; Co (Havelange), Les Racines d\u2019or (Flassigny Fr) \u00c9piceries partenaires : Epicentre (Meix-devant-Virton), Epicerise (Chiny), Un poids c\u2019est tout (Etalle), Epices et tout&#8230;<\/p>\n","protected":false},"author":1,"featured_media":0,"parent":0,"menu_order":0,"comment_status":"closed","ping_status":"closed","template":"","meta":{"_kadence_starter_templates_imported_post":false,"_kad_post_transparent":"disable","_kad_post_title":"hide","_kad_post_layout":"","_kad_post_sidebar_id":"","_kad_post_content_style":"","_kad_post_vertical_padding":"","_kad_post_feature":"","_kad_post_feature_position":"","_kad_post_header":false,"_kad_post_footer":false,"footnotes":""},"class_list":["post-70","page","type-page","status-publish","hentry"],"_links":{"self":[{"href":"https:\/\/solidairementasbl.be\/index.php\/wp-json\/wp\/v2\/pages\/70","targetHints":{"allow":["GET"]}}],"collection":[{"href":"https:\/\/solidairementasbl.be\/index.php\/wp-json\/wp\/v2\/pages"}],"about":[{"href":"https:\/\/solidairementasbl.be\/index.php\/wp-json\/wp\/v2\/types\/page"}],"author":[{"embeddable":true,"href":"https:\/\/solidairementasbl.be\/index.php\/wp-json\/wp\/v2\/users\/1"}],"replies":[{"embeddable":true,"href":"https:\/\/solidairementasbl.be\/index.php\/wp-json\/wp\/v2\/comments?post=70"}],"version-history":[{"count":14,"href":"https:\/\/solidairementasbl.be\/index.php\/wp-json\/wp\/v2\/pages\/70\/revisions"}],"predecessor-version":[{"id":483,"href":"https:\/\/solidairementasbl.be\/index.php\/wp-json\/wp\/v2\/pages\/70\/revisions\/483"}],"wp:attachment":[{"href":"https:\/\/solidairementasbl.be\/index.php\/wp-json\/wp\/v2\/media?parent=70"}],"curies":[{"name":"wp","href":"https:\/\/api.w.org\/{rel}","templated":true}]}}