{"id":77,"date":"2024-05-06T16:02:45","date_gmt":"2024-05-06T14:02:45","guid":{"rendered":"http:\/\/solidairementasbl.be\/?page_id=77"},"modified":"2026-01-08T13:21:14","modified_gmt":"2026-01-08T12:21:14","slug":"a-propos","status":"publish","type":"page","link":"https:\/\/solidairementasbl.be\/","title":{"rendered":"\u00e0 propos"},"content":{"rendered":"<style>.wp-block-kadence-spacer.kt-block-spacer-77_c7e8a9-23 .kt-block-spacer{height:137px;}.wp-block-kadence-spacer.kt-block-spacer-77_c7e8a9-23 .kt-divider{border-top-width:1px;height:1px;border-top-color:#eee;width:80%;border-top-style:solid;}<\/style>\n<div class=\"wp-block-kadence-spacer aligncenter kt-block-spacer-77_c7e8a9-23\"><div class=\"kt-block-spacer kt-block-spacer-halign-center\"><hr class=\"kt-divider\"\/><\/div><\/div>\n\n\n<style>.kadence-column77_077530-2c{max-width:1194px;margin-left:auto;margin-right:auto;}.wp-block-kadence-column.kb-section-dir-horizontal:not(.kb-section-md-dir-vertical)>.kt-inside-inner-col>.kadence-column77_077530-2c{-webkit-flex:0 1 1194px;flex:0 1 1194px;max-width:unset;margin-left:unset;margin-right:unset;}.kadence-column77_077530-2c > .kt-inside-inner-col{min-height:500px;}.kadence-column77_077530-2c > .kt-inside-inner-col,.kadence-column77_077530-2c > .kt-inside-inner-col:before{border-top-left-radius:0px;border-top-right-radius:0px;border-bottom-right-radius:0px;border-bottom-left-radius:0px;}.kadence-column77_077530-2c > .kt-inside-inner-col{column-gap:var(--global-kb-gap-sm, 1rem);}.kadence-column77_077530-2c > .kt-inside-inner-col{flex-direction:column;}.kadence-column77_077530-2c > .kt-inside-inner-col > .aligncenter{width:100%;}.kadence-column77_077530-2c > .kt-inside-inner-col{background-image:url('http:\/\/solidairementasbl.be\/wp-content\/uploads\/2025\/02\/banniereQSN.jpg');background-size:cover;background-position:93% 38%;background-attachment:scroll;background-repeat:no-repeat;}.kadence-column77_077530-2c > .kt-inside-inner-col:before{opacity:0.3;}.kadence-column77_077530-2c{position:relative;}@media all and (min-width: 1025px){.wp-block-kadence-column.kb-section-dir-horizontal>.kt-inside-inner-col>.kadence-column77_077530-2c{-webkit-flex:0 1 1194px;flex:0 1 1194px;max-width:unset;margin-left:unset;margin-right:unset;}}@media all and (max-width: 1024px){.kadence-column77_077530-2c > .kt-inside-inner-col{flex-direction:column;justify-content:center;}}@media all and (max-width: 767px){.wp-block-kadence-column.kb-section-sm-dir-vertical:not(.kb-section-sm-dir-horizontal):not(.kb-section-sm-dir-specificity)>.kt-inside-inner-col>.kadence-column77_077530-2c{max-width:1194px;-webkit-flex:1;flex:1;margin-left:auto;margin-right:auto;}.kadence-column77_077530-2c > .kt-inside-inner-col{flex-direction:column;justify-content:center;}}<\/style>\n<div class=\"wp-block-kadence-column kadence-column77_077530-2c alignfull\"><div class=\"kt-inside-inner-col\"><\/div><\/div>\n\n\n<style>.kb-row-layout-id77_04431e-b0 > .kt-row-column-wrap{align-content:center;}:where(.kb-row-layout-id77_04431e-b0 > .kt-row-column-wrap) > .wp-block-kadence-column{justify-content:center;}.kb-row-layout-id77_04431e-b0 > .kt-row-column-wrap{column-gap:var(--global-kb-gap-none, 0rem );row-gap:var(--global-kb-gap-none, 0rem );max-width:1140px;margin-left:auto;margin-right:auto;padding-top:100px;padding-right:0px;padding-bottom:45px;padding-left:0px;grid-template-columns:minmax(0, calc(80% - ((var(--global-kb-gap-none, 0rem ) * 1 )\/2)))minmax(0, calc(20% - ((var(--global-kb-gap-none, 0rem ) * 1 )\/2)));}.kb-row-layout-id77_04431e-b0 > .kt-row-layout-overlay{opacity:0.04;}@media all and (max-width: 1024px){.kb-row-layout-id77_04431e-b0 > .kt-row-column-wrap{max-width:700px;margin-left:auto;margin-right:auto;padding-top:80px;padding-right:0px;padding-bottom:80px;padding-left:0px;grid-template-columns:minmax(0, 1fr);}}@media all and (max-width: 767px){.kb-row-layout-id77_04431e-b0 > .kt-row-column-wrap{padding-top:60px;padding-right:15px;padding-bottom:60px;padding-left:15px;grid-template-columns:minmax(0, 1fr);}}.kb-row-layout-id77_04431e-b0 .contact-img-1 img{margin: -80px 0px -80px 0px;}<\/style><div class=\"kb-row-layout-wrap kb-row-layout-id77_04431e-b0 alignfull has-theme-palette8-background-color kt-row-has-bg wp-block-kadence-rowlayout\"><div class=\"kt-row-column-wrap kt-has-2-columns kt-row-layout-equal kt-tab-layout-row kt-mobile-layout-row kt-row-valign-middle\">\n<style>.kadence-column77_f5c8ef-e1 > .kt-inside-inner-col{padding-top:10px;padding-right:10px;padding-bottom:10px;padding-left:10px;}.kadence-column77_f5c8ef-e1 > .kt-inside-inner-col,.kadence-column77_f5c8ef-e1 > .kt-inside-inner-col:before{border-top-left-radius:0px;border-top-right-radius:0px;border-bottom-right-radius:0px;border-bottom-left-radius:0px;}.kadence-column77_f5c8ef-e1 > .kt-inside-inner-col{column-gap:var(--global-kb-gap-sm, 1rem);}.kadence-column77_f5c8ef-e1 > .kt-inside-inner-col{flex-direction:column;}.kadence-column77_f5c8ef-e1 > .kt-inside-inner-col > .aligncenter{width:100%;}.kadence-column77_f5c8ef-e1 > .kt-inside-inner-col:before{opacity:0.3;}.kadence-column77_f5c8ef-e1{position:relative;}.kadence-column77_f5c8ef-e1, .kt-inside-inner-col > .kadence-column77_f5c8ef-e1:not(.specificity){margin-top:0px;margin-right:120px;margin-bottom:0px;margin-left:0px;}@media all and (max-width: 1024px){.kadence-column77_f5c8ef-e1 > .kt-inside-inner-col{flex-direction:column;justify-content:center;}}@media all and (max-width: 1024px){.kadence-column77_f5c8ef-e1, .kt-inside-inner-col > .kadence-column77_f5c8ef-e1:not(.specificity){margin-top:0px;margin-right:0px;margin-bottom:0px;margin-left:0px;}}@media all and (max-width: 767px){.kadence-column77_f5c8ef-e1 > .kt-inside-inner-col{padding-top:0px;padding-right:0px;padding-bottom:0px;padding-left:0px;flex-direction:column;justify-content:center;}}<\/style>\n<div class=\"wp-block-kadence-column kadence-column77_f5c8ef-e1 inner-column-1\"><div class=\"kt-inside-inner-col\"><style>.wp-block-kadence-advancedheading.kt-adv-heading77_17ac1f-6b, .wp-block-kadence-advancedheading.kt-adv-heading77_17ac1f-6b[data-kb-block=\"kb-adv-heading77_17ac1f-6b\"]{margin-bottom:var(--global-kb-spacing-sm, 1.5rem);line-height:1em;font-weight:400;font-style:normal;text-transform:uppercase;letter-spacing:1px;}.wp-block-kadence-advancedheading.kt-adv-heading77_17ac1f-6b mark.kt-highlight, .wp-block-kadence-advancedheading.kt-adv-heading77_17ac1f-6b[data-kb-block=\"kb-adv-heading77_17ac1f-6b\"] mark.kt-highlight{font-style:normal;color:#f76a0c;-webkit-box-decoration-break:clone;box-decoration-break:clone;padding-top:0px;padding-right:0px;padding-bottom:0px;padding-left:0px;}@media all and (max-width: 1024px){.wp-block-kadence-advancedheading.kt-adv-heading77_17ac1f-6b, .wp-block-kadence-advancedheading.kt-adv-heading77_17ac1f-6b[data-kb-block=\"kb-adv-heading77_17ac1f-6b\"]{text-align:center!important;}}<\/style>\n<h6 class=\"kt-adv-heading77_17ac1f-6b wp-block-kadence-advancedheading has-theme-palette-1-color has-text-color\" data-kb-block=\"kb-adv-heading77_17ac1f-6b\">Bienvenue sur le portail de l&rsquo;aSBL solidairement<\/h6>\n\n\n<style>.wp-block-kadence-advancedheading.kt-adv-heading77_62b3f4-29, .wp-block-kadence-advancedheading.kt-adv-heading77_62b3f4-29[data-kb-block=\"kb-adv-heading77_62b3f4-29\"]{margin-top:0px;margin-right:0px;margin-bottom:38.5px;margin-left:0px;font-size:var(--global-kb-font-size-md, 1.25rem);line-height:1.3em;font-style:normal;color:#2e4049;}.wp-block-kadence-advancedheading.kt-adv-heading77_62b3f4-29 mark.kt-highlight, .wp-block-kadence-advancedheading.kt-adv-heading77_62b3f4-29[data-kb-block=\"kb-adv-heading77_62b3f4-29\"] mark.kt-highlight{font-style:normal;color:#f76a0c;-webkit-box-decoration-break:clone;box-decoration-break:clone;padding-top:0px;padding-right:0px;padding-bottom:0px;padding-left:0px;}@media all and (max-width: 1024px){.wp-block-kadence-advancedheading.kt-adv-heading77_62b3f4-29, .wp-block-kadence-advancedheading.kt-adv-heading77_62b3f4-29[data-kb-block=\"kb-adv-heading77_62b3f4-29\"]{text-align:center!important;}}<\/style>\n<h1 class=\"kt-adv-heading77_62b3f4-29 wp-block-kadence-advancedheading\" data-kb-block=\"kb-adv-heading77_62b3f4-29\">Solidairement, est une asbl cr\u00e9\u00e9e en 2007.\u00a0 Elle s\u2019est rapidement empar\u00e9e du th\u00e8me de l\u2019alimentation et a depuis d\u00e9velopp\u00e9 des comp\u00e9tences en mati\u00e8re de d\u00e9veloppement et d\u2019animation socio-\u00e9conomique en milieu rural. Elle est reconnue par un large r\u00e9seau d\u2019acteurs de terrain, institutionnels et associatifs.\u00a0<br><br>L\u2019asbl est membre fondateur du <strong><a href=\"https:\/\/www.collectif5c.be\/accueil\" data-type=\"link\" data-id=\"https:\/\/www.collectif5c.be\/accueil\">Collectif 5C <\/a><\/strong>(Collectif de coop\u00e9rative citoyenne pour les circuits courts) et elle participe \u00e0 la coop\u00e9rative d\u2019\u00e9dition de la revue Tchak\u202f! (la revue paysanne et citoyenne).<br><br>Depuis sa cr\u00e9ation, Solidairement a successivement\u202f: mis en route le R\u00e9seau des Grosses L\u00e9gumes (distribution de paniers de l\u00e9gumes bio et locaux), \u00e9t\u00e9 \u00e0 l\u2019origine de <a href=\"https:\/\/enepisdubonsens.org\/\" data-type=\"link\" data-id=\"https:\/\/enepisdubonsens.org\/\"><strong>l\u2019asbl L\u2019\u00c9pi lorrain<\/strong><\/a>, lanc\u00e9 un r\u00e9seau logistique regroupant producteurs et artisans locaux, \u00e9piceries de proximit\u00e9 et restaurants.\u00a0 Ce projet s\u2019est autonomis\u00e9 sous la forme d\u2019une soci\u00e9t\u00e9 coop\u00e9rative en juin 2017.\u00a0C&rsquo;est  devenu le <a href=\"https:\/\/www.reseau-paysan.be\/\" data-type=\"link\" data-id=\"https:\/\/www.reseau-paysan.be\/\"><strong>R\u00e9seau paysan<\/strong><\/a><br><br>Aujourd\u2019hui l\u2019asbl anime l\u2019\u00e9quipe des b\u00e9n\u00e9voles et participe \u00e0 la gestion de <strong><a href=\"https:\/\/www.facebook.com\/EpicentreMeix\/?locale=fr_FR\" data-type=\"link\" data-id=\"https:\/\/www.facebook.com\/EpicentreMeix\/?locale=fr_FR\">l\u2019\u00c9picentre<\/a><\/strong>.<br>Elle a cr\u00e9\u00e9 et d\u00e9veloppe, avec des mara\u00eechers, des points de vente et des cuisiniers Horeca, un syst\u00e8me d\u2019approvisionnement et de distribution de fruits et l\u00e9gumes.\u00a0 Son travail permet ainsi \u00e0 des enseignes comme l\u2019\u00c9picentre de proposer \u00e0 ses client\u00b7\u00b7\u2219es, tout au long de l\u2019ann\u00e9e, une gamme vari\u00e9e de l\u00e9gumes et de fruits issus des productions les plus locales possibles et, au besoin, plus \u00e9loign\u00e9es mais toujours de qualit\u00e9 valid\u00e9e tant \u00e9cologiquement que socialement.\u00a0<\/h1>\n<\/div><\/div>\n\n\n<style>.kadence-column77_0b53de-8e > .kt-inside-inner-col{display:flex;}.kadence-column77_0b53de-8e > .kt-inside-inner-col,.kadence-column77_0b53de-8e > .kt-inside-inner-col:before{border-top-left-radius:0px;border-top-right-radius:0px;border-bottom-right-radius:0px;border-bottom-left-radius:0px;}.kadence-column77_0b53de-8e > .kt-inside-inner-col{column-gap:var(--global-kb-gap-sm, 1rem);}.kadence-column77_0b53de-8e > .kt-inside-inner-col{flex-direction:column;justify-content:center;}.kadence-column77_0b53de-8e > .kt-inside-inner-col > .aligncenter{width:100%;}.kt-row-column-wrap > .kadence-column77_0b53de-8e{align-self:center;}.kt-inner-column-height-full:not(.kt-has-1-columns) > .wp-block-kadence-column.kadence-column77_0b53de-8e{align-self:auto;}.kt-inner-column-height-full:not(.kt-has-1-columns) > .wp-block-kadence-column.kadence-column77_0b53de-8e > .kt-inside-inner-col{flex-direction:column;justify-content:center;}.kadence-column77_0b53de-8e > .kt-inside-inner-col:before{opacity:0.3;}.kadence-column77_0b53de-8e{position:relative;}@media all and (max-width: 1024px){.kt-row-column-wrap > .kadence-column77_0b53de-8e{align-self:center;}}@media all and (max-width: 1024px){.kt-inner-column-height-full:not(.kt-has-1-columns) > .wp-block-kadence-column.kadence-column77_0b53de-8e{align-self:auto;}}@media all and (max-width: 1024px){.kt-inner-column-height-full:not(.kt-has-1-columns) > .wp-block-kadence-column.kadence-column77_0b53de-8e > .kt-inside-inner-col{flex-direction:column;justify-content:center;}}@media all and (max-width: 1024px){.kadence-column77_0b53de-8e > .kt-inside-inner-col{flex-direction:column;justify-content:center;align-items:center;}}@media all and (max-width: 1024px){.kadence-column77_0b53de-8e, .kt-inside-inner-col > .kadence-column77_0b53de-8e:not(.specificity){margin-top:70px;margin-right:0px;margin-bottom:0px;margin-left:0px;}}@media all and (max-width: 767px){.kadence-column77_0b53de-8e > .kt-inside-inner-col{padding-top:0px;padding-right:0px;padding-bottom:0px;padding-left:0px;flex-direction:column;justify-content:center;align-items:center;}.kt-row-column-wrap > .kadence-column77_0b53de-8e{align-self:center;}.kt-inner-column-height-full:not(.kt-has-1-columns) > .wp-block-kadence-column.kadence-column77_0b53de-8e{align-self:auto;}.kt-inner-column-height-full:not(.kt-has-1-columns) > .wp-block-kadence-column.kadence-column77_0b53de-8e > .kt-inside-inner-col{flex-direction:column;justify-content:center;}.kadence-column77_0b53de-8e, .kt-inside-inner-col > .kadence-column77_0b53de-8e:not(.specificity){margin-bottom:-80px;}}<\/style>\n<div class=\"wp-block-kadence-column kadence-column77_0b53de-8e kb-section-dir-vertical inner-column-2\"><div class=\"kt-inside-inner-col\"><style>.kb-image77_3d14c7-60 .kb-image-has-overlay:after{opacity:0.3;}<\/style>\n<figure class=\"wp-block-kadence-image kb-image77_3d14c7-60 size-large\"><img loading=\"lazy\" decoding=\"async\" width=\"287\" height=\"1024\" src=\"http:\/\/solidairementasbl.be\/wp-content\/uploads\/2025\/02\/LOGOs_SOLIDAIREMENT-287x1024.jpg\" alt=\"\" class=\"kb-img wp-image-466\" srcset=\"https:\/\/solidairementasbl.be\/wp-content\/uploads\/2025\/02\/LOGOs_SOLIDAIREMENT-287x1024.jpg 287w, https:\/\/solidairementasbl.be\/wp-content\/uploads\/2025\/02\/LOGOs_SOLIDAIREMENT-84x300.jpg 84w, https:\/\/solidairementasbl.be\/wp-content\/uploads\/2025\/02\/LOGOs_SOLIDAIREMENT-430x1536.jpg 430w, https:\/\/solidairementasbl.be\/wp-content\/uploads\/2025\/02\/LOGOs_SOLIDAIREMENT.jpg 700w\" sizes=\"auto, (max-width: 287px) 100vw, 287px\" \/><\/figure>\n<\/div><\/div>\n\n<\/div><\/div>\n\n<style>.kb-row-layout-id77_c8df9c-b1 > .kt-row-column-wrap{align-content:center;}:where(.kb-row-layout-id77_c8df9c-b1 > .kt-row-column-wrap) > .wp-block-kadence-column{justify-content:center;}.kb-row-layout-id77_c8df9c-b1 > .kt-row-column-wrap{column-gap:var(--global-kb-gap-none, 0rem );row-gap:var(--global-kb-gap-none, 0rem );max-width:1140px;margin-left:auto;margin-right:auto;padding-top:0px;padding-right:0px;padding-bottom:100px;padding-left:0px;grid-template-columns:minmax(0, calc(80% - ((var(--global-kb-gap-none, 0rem ) * 1 )\/2)))minmax(0, calc(20% - ((var(--global-kb-gap-none, 0rem ) * 1 )\/2)));}.kb-row-layout-id77_c8df9c-b1 > .kt-row-layout-overlay{opacity:0.04;}@media all and (max-width: 1024px){.kb-row-layout-id77_c8df9c-b1 > .kt-row-column-wrap{max-width:700px;margin-left:auto;margin-right:auto;padding-top:80px;padding-right:0px;padding-bottom:80px;padding-left:0px;grid-template-columns:minmax(0, 1fr);}}@media all and (max-width: 767px){.kb-row-layout-id77_c8df9c-b1 > .kt-row-column-wrap{padding-top:60px;padding-right:15px;padding-bottom:60px;padding-left:15px;grid-template-columns:minmax(0, 1fr);}}.kb-row-layout-id77_c8df9c-b1 .contact-img-1 img{margin: -80px 0px -80px 0px;}<\/style><div class=\"kb-row-layout-wrap kb-row-layout-id77_c8df9c-b1 alignfull has-theme-palette8-background-color kt-row-has-bg wp-block-kadence-rowlayout\"><div class=\"kt-row-column-wrap kt-has-2-columns kt-row-layout-equal kt-tab-layout-row kt-mobile-layout-row kt-row-valign-middle\">\n<style>.kadence-column77_bd2878-76 > .kt-inside-inner-col,.kadence-column77_bd2878-76 > .kt-inside-inner-col:before{border-top-left-radius:0px;border-top-right-radius:0px;border-bottom-right-radius:0px;border-bottom-left-radius:0px;}.kadence-column77_bd2878-76 > .kt-inside-inner-col{column-gap:var(--global-kb-gap-sm, 1rem);}.kadence-column77_bd2878-76 > .kt-inside-inner-col{flex-direction:column;}.kadence-column77_bd2878-76 > .kt-inside-inner-col > .aligncenter{width:100%;}.kadence-column77_bd2878-76 > .kt-inside-inner-col:before{opacity:0.3;}.kadence-column77_bd2878-76{position:relative;}@media all and (max-width: 1024px){.kadence-column77_bd2878-76 > .kt-inside-inner-col{flex-direction:column;justify-content:center;}}@media all and (max-width: 767px){.kadence-column77_bd2878-76 > .kt-inside-inner-col{flex-direction:column;justify-content:center;}}<\/style>\n<div class=\"wp-block-kadence-column kadence-column77_bd2878-76\"><div class=\"kt-inside-inner-col\"><\/div><\/div>\n\n\n<style>.kadence-column77_ca26de-7d > .kt-inside-inner-col,.kadence-column77_ca26de-7d > .kt-inside-inner-col:before{border-top-left-radius:0px;border-top-right-radius:0px;border-bottom-right-radius:0px;border-bottom-left-radius:0px;}.kadence-column77_ca26de-7d > .kt-inside-inner-col{column-gap:var(--global-kb-gap-sm, 1rem);}.kadence-column77_ca26de-7d > .kt-inside-inner-col{flex-direction:column;}.kadence-column77_ca26de-7d > .kt-inside-inner-col > .aligncenter{width:100%;}.kadence-column77_ca26de-7d > .kt-inside-inner-col:before{opacity:0.3;}.kadence-column77_ca26de-7d{position:relative;}@media all and (max-width: 1024px){.kadence-column77_ca26de-7d > .kt-inside-inner-col{flex-direction:column;justify-content:center;}}@media all and (max-width: 767px){.kadence-column77_ca26de-7d > .kt-inside-inner-col{flex-direction:column;justify-content:center;}}<\/style>\n<div class=\"wp-block-kadence-column kadence-column77_ca26de-7d\"><div class=\"kt-inside-inner-col\"><\/div><\/div>\n\n<\/div><\/div>\n\n\n<p><\/p>\n","protected":false},"excerpt":{"rendered":"<p>Bienvenue sur le portail de l&rsquo;aSBL solidairement Solidairement, est une asbl cr\u00e9\u00e9e en 2007.\u00a0 Elle s\u2019est rapidement empar\u00e9e du th\u00e8me de l\u2019alimentation et a depuis d\u00e9velopp\u00e9 des comp\u00e9tences en mati\u00e8re de d\u00e9veloppement et d\u2019animation socio-\u00e9conomique en milieu rural. Elle est reconnue par un large r\u00e9seau d\u2019acteurs de terrain, institutionnels et associatifs.\u00a0 L\u2019asbl est membre fondateur&#8230;<\/p>\n","protected":false},"author":1,"featured_media":0,"parent":0,"menu_order":0,"comment_status":"closed","ping_status":"closed","template":"","meta":{"_kadence_starter_templates_imported_post":false,"_kad_post_transparent":"default","_kad_post_title":"hide","_kad_post_layout":"fullwidth","_kad_post_sidebar_id":"","_kad_post_content_style":"","_kad_post_vertical_padding":"default","_kad_post_feature":"","_kad_post_feature_position":"","_kad_post_header":false,"_kad_post_footer":false,"footnotes":""},"class_list":["post-77","page","type-page","status-publish","hentry"],"_links":{"self":[{"href":"https:\/\/solidairementasbl.be\/index.php\/wp-json\/wp\/v2\/pages\/77","targetHints":{"allow":["GET"]}}],"collection":[{"href":"https:\/\/solidairementasbl.be\/index.php\/wp-json\/wp\/v2\/pages"}],"about":[{"href":"https:\/\/solidairementasbl.be\/index.php\/wp-json\/wp\/v2\/types\/page"}],"author":[{"embeddable":true,"href":"https:\/\/solidairementasbl.be\/index.php\/wp-json\/wp\/v2\/users\/1"}],"replies":[{"embeddable":true,"href":"https:\/\/solidairementasbl.be\/index.php\/wp-json\/wp\/v2\/comments?post=77"}],"version-history":[{"count":50,"href":"https:\/\/solidairementasbl.be\/index.php\/wp-json\/wp\/v2\/pages\/77\/revisions"}],"predecessor-version":[{"id":477,"href":"https:\/\/solidairementasbl.be\/index.php\/wp-json\/wp\/v2\/pages\/77\/revisions\/477"}],"wp:attachment":[{"href":"https:\/\/solidairementasbl.be\/index.php\/wp-json\/wp\/v2\/media?parent=77"}],"curies":[{"name":"wp","href":"https:\/\/api.w.org\/{rel}","templated":true}]}}