{"id":80,"date":"2024-05-06T16:03:37","date_gmt":"2024-05-06T14:03:37","guid":{"rendered":"http:\/\/solidairementasbl.be\/?page_id=80"},"modified":"2025-02-14T11:50:46","modified_gmt":"2025-02-14T10:50:46","slug":"contact","status":"publish","type":"page","link":"https:\/\/solidairementasbl.be\/index.php\/contact\/","title":{"rendered":"contact"},"content":{"rendered":"<style>.wp-block-kadence-spacer.kt-block-spacer-80_97b883-90 .kt-block-spacer{height:137px;}.wp-block-kadence-spacer.kt-block-spacer-80_97b883-90 .kt-divider{border-top-width:1px;height:1px;border-top-color:#eee;width:80%;border-top-style:solid;}<\/style>\n<div class=\"wp-block-kadence-spacer aligncenter kt-block-spacer-80_97b883-90\"><div class=\"kt-block-spacer kt-block-spacer-halign-center\"><hr class=\"kt-divider\"\/><\/div><\/div>\n\n\n<style>.kadence-column80_144424-4b > .kt-inside-inner-col{min-height:500px;}.kadence-column80_144424-4b > .kt-inside-inner-col,.kadence-column80_144424-4b > .kt-inside-inner-col:before{border-top-left-radius:0px;border-top-right-radius:0px;border-bottom-right-radius:0px;border-bottom-left-radius:0px;}.kadence-column80_144424-4b > .kt-inside-inner-col{column-gap:var(--global-kb-gap-sm, 1rem);}.kadence-column80_144424-4b > .kt-inside-inner-col{flex-direction:column;}.kadence-column80_144424-4b > .kt-inside-inner-col > .aligncenter{width:100%;}.kadence-column80_144424-4b > .kt-inside-inner-col{background-image:url('http:\/\/solidairementasbl.be\/wp-content\/uploads\/2025\/02\/meix-montage-cafes.jpg');background-size:cover;background-position:15% 59%;background-attachment:scroll;background-repeat:no-repeat;}.kadence-column80_144424-4b > .kt-inside-inner-col:before{opacity:0.3;}.kadence-column80_144424-4b{position:relative;}@media all and (max-width: 1024px){.kadence-column80_144424-4b > .kt-inside-inner-col{flex-direction:column;justify-content:center;}}@media all and (max-width: 767px){.kadence-column80_144424-4b > .kt-inside-inner-col{flex-direction:column;justify-content:center;}}<\/style>\n<div class=\"wp-block-kadence-column kadence-column80_144424-4b alignfull\"><div class=\"kt-inside-inner-col\"><\/div><\/div>\n\n\n<style>.wp-block-kadence-advancedheading.kt-adv-heading80_98f5b4-58, .wp-block-kadence-advancedheading.kt-adv-heading80_98f5b4-58[data-kb-block=\"kb-adv-heading80_98f5b4-58\"]{text-align:center;font-style:normal;}.wp-block-kadence-advancedheading.kt-adv-heading80_98f5b4-58 mark.kt-highlight, .wp-block-kadence-advancedheading.kt-adv-heading80_98f5b4-58[data-kb-block=\"kb-adv-heading80_98f5b4-58\"] mark.kt-highlight{font-style:normal;color:#f76a0c;-webkit-box-decoration-break:clone;box-decoration-break:clone;padding-top:0px;padding-right:0px;padding-bottom:0px;padding-left:0px;}<\/style>\n<h1 class=\"kt-adv-heading80_98f5b4-58 wp-block-kadence-advancedheading\" data-kb-block=\"kb-adv-heading80_98f5b4-58\"><strong>Nous contacter : <\/strong><\/h1>\n\n\n\n<p><\/p>\n\n\n<style>.kb-row-layout-id80_11fead-0a > .kt-row-column-wrap{align-content:start;}:where(.kb-row-layout-id80_11fead-0a > .kt-row-column-wrap) > .wp-block-kadence-column{justify-content:start;}.kb-row-layout-id80_11fead-0a > .kt-row-column-wrap{column-gap:var(--global-kb-gap-md, 2rem);row-gap:var(--global-kb-gap-md, 2rem);padding-top:var(--global-kb-spacing-xl, 4rem);padding-bottom:var(--global-kb-spacing-sm, 1.5rem);}.kb-row-layout-id80_11fead-0a > .kt-row-column-wrap > div:not(.added-for-specificity){grid-column:initial;}.kb-row-layout-id80_11fead-0a > .kt-row-column-wrap{grid-template-columns:repeat(3, minmax(0, 1fr));}.kb-row-layout-id80_11fead-0a > .kt-row-layout-overlay{opacity:0.30;}@media all and (max-width: 1024px){.kb-row-layout-id80_11fead-0a > .kt-row-column-wrap > div:not(.added-for-specificity){grid-column:initial;}}@media all and (max-width: 1024px){.kb-row-layout-id80_11fead-0a > .kt-row-column-wrap{grid-template-columns:repeat(3, minmax(0, 1fr));}}@media all and (max-width: 767px){.kb-row-layout-id80_11fead-0a > .kt-row-column-wrap > div:not(.added-for-specificity){grid-column:initial;}.kb-row-layout-id80_11fead-0a > .kt-row-column-wrap{grid-template-columns:minmax(0, 1fr);}}<\/style><div class=\"kb-row-layout-wrap kb-row-layout-id80_11fead-0a alignnone wp-block-kadence-rowlayout\"><div class=\"kt-row-column-wrap kt-has-3-columns kt-row-layout-equal kt-tab-layout-inherit kt-mobile-layout-row kt-row-valign-top\">\n<style>.kadence-column80_ed7012-fe > .kt-inside-inner-col,.kadence-column80_ed7012-fe > .kt-inside-inner-col:before{border-top-left-radius:0px;border-top-right-radius:0px;border-bottom-right-radius:0px;border-bottom-left-radius:0px;}.kadence-column80_ed7012-fe > .kt-inside-inner-col{column-gap:var(--global-kb-gap-sm, 1rem);}.kadence-column80_ed7012-fe > .kt-inside-inner-col{flex-direction:column;}.kadence-column80_ed7012-fe > .kt-inside-inner-col > .aligncenter{width:100%;}.kadence-column80_ed7012-fe > .kt-inside-inner-col:before{opacity:0.3;}.kadence-column80_ed7012-fe{position:relative;}@media all and (max-width: 1024px){.kadence-column80_ed7012-fe > .kt-inside-inner-col{flex-direction:column;justify-content:center;}}@media all and (max-width: 767px){.kadence-column80_ed7012-fe > .kt-inside-inner-col{flex-direction:column;justify-content:center;}}<\/style>\n<div class=\"wp-block-kadence-column kadence-column80_ed7012-fe\"><div class=\"kt-inside-inner-col\"><style>.wp-block-kadence-advancedheading.kt-adv-heading80_9ae2cf-3a, .wp-block-kadence-advancedheading.kt-adv-heading80_9ae2cf-3a[data-kb-block=\"kb-adv-heading80_9ae2cf-3a\"]{text-align:center;font-style:normal;}.wp-block-kadence-advancedheading.kt-adv-heading80_9ae2cf-3a mark.kt-highlight, .wp-block-kadence-advancedheading.kt-adv-heading80_9ae2cf-3a[data-kb-block=\"kb-adv-heading80_9ae2cf-3a\"] mark.kt-highlight{font-style:normal;color:#f76a0c;-webkit-box-decoration-break:clone;box-decoration-break:clone;padding-top:0px;padding-right:0px;padding-bottom:0px;padding-left:0px;}<\/style>\n<h4 class=\"kt-adv-heading80_9ae2cf-3a wp-block-kadence-advancedheading\" data-kb-block=\"kb-adv-heading80_9ae2cf-3a\">T\u00e9l : +32 (0) <a href=\"https:\/\/www.google.com\/search?q=la+d%C3%A9brouillardise+l%27%C3%A9picentre&amp;oq=la+d%C3%A9brouillardise+l%27%C3%A9picentre&amp;aqs=chrome..69i57j33i160l2.5975j0j7&amp;sourceid=chrome&amp;ie=UTF-8#\">63 57 88 77<\/a><\/h4>\n\n\n\n<p><\/p>\n\n\n\n<p><\/p>\n<\/div><\/div>\n\n\n<style>.kadence-column80_cdb432-13 > .kt-inside-inner-col,.kadence-column80_cdb432-13 > .kt-inside-inner-col:before{border-top-left-radius:0px;border-top-right-radius:0px;border-bottom-right-radius:0px;border-bottom-left-radius:0px;}.kadence-column80_cdb432-13 > .kt-inside-inner-col{column-gap:var(--global-kb-gap-sm, 1rem);}.kadence-column80_cdb432-13 > .kt-inside-inner-col{flex-direction:column;}.kadence-column80_cdb432-13 > .kt-inside-inner-col > .aligncenter{width:100%;}.kadence-column80_cdb432-13 > .kt-inside-inner-col:before{opacity:0.3;}.kadence-column80_cdb432-13{position:relative;}@media all and (max-width: 1024px){.kadence-column80_cdb432-13 > .kt-inside-inner-col{flex-direction:column;justify-content:center;}}@media all and (max-width: 767px){.kadence-column80_cdb432-13 > .kt-inside-inner-col{flex-direction:column;justify-content:center;}}<\/style>\n<div class=\"wp-block-kadence-column kadence-column80_cdb432-13\"><div class=\"kt-inside-inner-col\"><style>.wp-block-kadence-advancedheading.kt-adv-heading80_21f442-d8, .wp-block-kadence-advancedheading.kt-adv-heading80_21f442-d8[data-kb-block=\"kb-adv-heading80_21f442-d8\"]{text-align:center;font-style:normal;}.wp-block-kadence-advancedheading.kt-adv-heading80_21f442-d8 mark.kt-highlight, .wp-block-kadence-advancedheading.kt-adv-heading80_21f442-d8[data-kb-block=\"kb-adv-heading80_21f442-d8\"] mark.kt-highlight{font-style:normal;color:#f76a0c;-webkit-box-decoration-break:clone;box-decoration-break:clone;padding-top:0px;padding-right:0px;padding-bottom:0px;padding-left:0px;}<\/style>\n<h4 class=\"kt-adv-heading80_21f442-d8 wp-block-kadence-advancedheading\" data-kb-block=\"kb-adv-heading80_21f442-d8\">Adresse : Rue de Virton 27 &#8211; 6769 Meix-devant-Virton<\/h4>\n<\/div><\/div>\n\n\n<style>.kadence-column80_6b9aa9-6c > .kt-inside-inner-col,.kadence-column80_6b9aa9-6c > .kt-inside-inner-col:before{border-top-left-radius:0px;border-top-right-radius:0px;border-bottom-right-radius:0px;border-bottom-left-radius:0px;}.kadence-column80_6b9aa9-6c > .kt-inside-inner-col{column-gap:var(--global-kb-gap-sm, 1rem);}.kadence-column80_6b9aa9-6c > .kt-inside-inner-col{flex-direction:column;}.kadence-column80_6b9aa9-6c > .kt-inside-inner-col > .aligncenter{width:100%;}.kadence-column80_6b9aa9-6c > .kt-inside-inner-col:before{opacity:0.3;}.kadence-column80_6b9aa9-6c{position:relative;}@media all and (max-width: 1024px){.kadence-column80_6b9aa9-6c > .kt-inside-inner-col{flex-direction:column;justify-content:center;}}@media all and (max-width: 767px){.kadence-column80_6b9aa9-6c > .kt-inside-inner-col{flex-direction:column;justify-content:center;}}<\/style>\n<div class=\"wp-block-kadence-column kadence-column80_6b9aa9-6c\"><div class=\"kt-inside-inner-col\"><style>.wp-block-kadence-advancedheading.kt-adv-heading80_630c1c-5a, .wp-block-kadence-advancedheading.kt-adv-heading80_630c1c-5a[data-kb-block=\"kb-adv-heading80_630c1c-5a\"]{text-align:center;font-style:normal;}.wp-block-kadence-advancedheading.kt-adv-heading80_630c1c-5a mark.kt-highlight, .wp-block-kadence-advancedheading.kt-adv-heading80_630c1c-5a[data-kb-block=\"kb-adv-heading80_630c1c-5a\"] mark.kt-highlight{font-style:normal;color:#f76a0c;-webkit-box-decoration-break:clone;box-decoration-break:clone;padding-top:0px;padding-right:0px;padding-bottom:0px;padding-left:0px;}<\/style>\n<h4 class=\"kt-adv-heading80_630c1c-5a wp-block-kadence-advancedheading\" data-kb-block=\"kb-adv-heading80_630c1c-5a\">E-Mail : <br>Tourn\u00e9e V\u00e9g\u00e9tale :<br>cal.solidairement@gmail.com<br>Solidairement :<br><a>asbl.solidairement@gmail.com<\/a><br>La d\u00e9brouillardise :<br><a>contact@ladebrouillardise.be<\/a><br>Chevratte etc. :<br>contact@chevratte-etc.be<\/h4>\n<\/div><\/div>\n\n<\/div><\/div>\n\n<style>.kb-row-layout-id80_9058fa-5d > .kt-row-column-wrap{align-content:start;}:where(.kb-row-layout-id80_9058fa-5d > .kt-row-column-wrap) > .wp-block-kadence-column{justify-content:start;}.kb-row-layout-id80_9058fa-5d > .kt-row-column-wrap{column-gap:var(--global-kb-gap-lg, 4rem);row-gap:var(--global-kb-gap-md, 2rem);max-width:var( --global-content-width, 1290px );padding-left:var(--global-content-edge-padding);padding-right:var(--global-content-edge-padding);padding-top:var(--global-kb-spacing-3xl, 6.5rem);padding-bottom:var(--global-kb-spacing-md, 2rem);grid-template-columns:repeat(2, minmax(0, 1fr));}.kb-row-layout-id80_9058fa-5d > .kt-row-layout-overlay{opacity:0.30;}@media all and (max-width: 1024px){.kb-row-layout-id80_9058fa-5d > .kt-row-column-wrap{row-gap:var(--global-kb-gap-sm, 1rem);grid-template-columns:minmax(0, 1fr);}}@media all and (max-width: 767px){.kb-row-layout-id80_9058fa-5d > .kt-row-column-wrap{row-gap:var(--global-kb-gap-sm, 1rem);grid-template-columns:minmax(0, 1fr);}}<\/style><div class=\"kb-row-layout-wrap kb-row-layout-id80_9058fa-5d alignfull has-theme-palette9-background-color kt-row-has-bg wp-block-kadence-rowlayout\"><div class=\"kt-row-column-wrap kt-has-2-columns kt-row-layout-equal kt-tab-layout-row kt-mobile-layout-row kt-row-valign-top kb-theme-content-width\">\n<style>.kadence-column80_0cf408-7a > .kt-inside-inner-col,.kadence-column80_0cf408-7a > .kt-inside-inner-col:before{border-top-left-radius:0px;border-top-right-radius:0px;border-bottom-right-radius:0px;border-bottom-left-radius:0px;}.kadence-column80_0cf408-7a > .kt-inside-inner-col{column-gap:var(--global-kb-gap-sm, 1rem);}.kadence-column80_0cf408-7a > .kt-inside-inner-col{flex-direction:column;}.kadence-column80_0cf408-7a > .kt-inside-inner-col > .aligncenter{width:100%;}.kadence-column80_0cf408-7a > .kt-inside-inner-col:before{opacity:0.3;}.kadence-column80_0cf408-7a{position:relative;}@media all and (max-width: 1024px){.kadence-column80_0cf408-7a > .kt-inside-inner-col{flex-direction:column;justify-content:center;}}@media all and (max-width: 767px){.kadence-column80_0cf408-7a > .kt-inside-inner-col{flex-direction:column;justify-content:center;}}<\/style>\n<div class=\"wp-block-kadence-column kadence-column80_0cf408-7a inner-column-1\"><div class=\"kt-inside-inner-col\"><style>.wp-block-kadence-advancedheading.kt-adv-heading80_d0d02d-cd, .wp-block-kadence-advancedheading.kt-adv-heading80_d0d02d-cd[data-kb-block=\"kb-adv-heading80_d0d02d-cd\"]{font-style:normal;}.wp-block-kadence-advancedheading.kt-adv-heading80_d0d02d-cd mark.kt-highlight, .wp-block-kadence-advancedheading.kt-adv-heading80_d0d02d-cd[data-kb-block=\"kb-adv-heading80_d0d02d-cd\"] mark.kt-highlight{font-style:normal;color:#f76a0c;-webkit-box-decoration-break:clone;box-decoration-break:clone;padding-top:0px;padding-right:0px;padding-bottom:0px;padding-left:0px;}<\/style>\n<h4 class=\"kt-adv-heading80_d0d02d-cd wp-block-kadence-advancedheading has-theme-palette-3-color has-text-color\" data-kb-block=\"kb-adv-heading80_d0d02d-cd\"><strong>Formulaire de Contact :<\/strong><\/h4>\n\n\n\n<p>Laissez nous vos coordonn\u00e9es et d\u00e9crivez votre demande, nous vous recontacterons dans les meilleurs d\u00e9lais.<\/p>\n<\/div><\/div>\n\n\n<style>.kadence-column80_efb13b-f8 > .kt-inside-inner-col,.kadence-column80_efb13b-f8 > .kt-inside-inner-col:before{border-top-left-radius:0px;border-top-right-radius:0px;border-bottom-right-radius:0px;border-bottom-left-radius:0px;}.kadence-column80_efb13b-f8 > .kt-inside-inner-col{column-gap:var(--global-kb-gap-sm, 1rem);}.kadence-column80_efb13b-f8 > .kt-inside-inner-col{flex-direction:column;}.kadence-column80_efb13b-f8 > .kt-inside-inner-col > .aligncenter{width:100%;}.kadence-column80_efb13b-f8 > .kt-inside-inner-col:before{opacity:0.3;}.kadence-column80_efb13b-f8{position:relative;}@media all and (max-width: 1024px){.kadence-column80_efb13b-f8 > .kt-inside-inner-col{flex-direction:column;justify-content:center;}}@media all and (max-width: 767px){.kadence-column80_efb13b-f8 > .kt-inside-inner-col{flex-direction:column;justify-content:center;}}<\/style>\n<div class=\"wp-block-kadence-column kadence-column80_efb13b-f8 inner-column-2\"><div class=\"kt-inside-inner-col\"><style>.kadence-form-80_27ac6f-2d .kb-form .kadence-blocks-form-field{margin-bottom:19px;}.kadence-form-80_27ac6f-2d .kb-form .kadence-blocks-form-field .kb-text-style-field, .kadence-form-80_27ac6f-2d .kb-form .kadence-blocks-form-field .kb-select-style-field{color:var(--global-palette4, #2D3748);border-radius:11px;border-width:2px 2px 2px 2px;background:var(--global-palette9, #ffffff);border-color:var(--global-palette6, #718096);}.kadence-form-80_27ac6f-2d .kb-form .kadence-blocks-form-field > label{color:var(--global-palette3, #1A202C);}.kadence-form-80_27ac6f-2d .kb-form .kadence-blocks-form-field .kb-forms-submit{color:var(--global-palette9, #ffffff);background:var(--global-palette3, #1A202C);}.kadence-form-80_27ac6f-2d .kb-form .kadence-blocks-form-field .kb-forms-submit:hover, .kadence-form-80_27ac6f-2d .kb-form .kadence-blocks-form-field .kb-forms-submit:focus {color:var(--global-palette4, #2D3748);}.kb-form input.kadence-blocks-field.verify{opacity:0.0;position:absolute;top:0.0;left:0.0;width:0.0;height:0.0;z-index:-1;}<\/style>\n<div class=\"wp-block-kadence-form kadence-form-80_27ac6f-2d kb-form-wrap\"><form class=\"kb-form\" action=\"\" method=\"post\"><div class=\"kadence-blocks-form-field kb-field-desk-width-100 kb-input-size-standard\"><label for=\"kb_field_80_27ac6f-2d_0\">Nom et pr\u00e9nom<span class=\"required\">*<\/span><\/label><input name=\"kb_field_0\" id=\"kb_field_80_27ac6f-2d_0\" data-label=\"Nom et pr\u00e9nom\" type=\"text\" placeholder=\"\" value=\"\" data-type=\"text\" class=\"kb-field kb-text-style-field kb-text-field kb-field-0\" data-required=\"yes\"\/><\/div><div class=\"kadence-blocks-form-field kb-form-field-1 kb-field-desk-width-100 kb-input-size-standard\"><label for=\"kb_field_80_27ac6f-2d_1\">Email<span class=\"required\">*<\/span><\/label><input name=\"kb_field_1\" id=\"kb_field_80_27ac6f-2d_1\" data-label=\"Email\" type=\"email\" placeholder=\"\" value=\"\" data-type=\"email\" class=\"kb-field kb-text-style-field kb-email-field kb-field-1\" data-required=\"yes\"\/><\/div><div class=\"kadence-blocks-form-field kb-form-field-2 kb-field-desk-width-100 kb-input-size-standard\"><label for=\"kb_field_80_27ac6f-2d_2\">Message<span class=\"required\">*<\/span><\/label><textarea name=\"kb_field_2\" id=\"kb_field_80_27ac6f-2d_2\" data-label=\"Message\" type=\"textarea\" placeholder=\"\" data-type=\"textarea\" class=\"kb-field kb-text-style-field kb-textarea-field kb-field-2\" rows=\"4\" data-required=\"yes\"><\/textarea><\/div><input type=\"hidden\" name=\"_kb_form_id\" value=\"80_27ac6f-2d\"\/><input type=\"hidden\" name=\"_kb_form_post_id\" value=\"80\"\/><input type=\"hidden\" name=\"action\" value=\"kb_process_ajax_submit\"\/><label class=\"kadence-verify-label\">Email<input class=\"kadence-blocks-field verify\" type=\"text\" name=\"_kb_verify_email\" autocomplete=\"new-password\" aria-hidden=\"true\" placeholder=\"Email\" tabindex=\"-1\" data-1p-ignore=\"true\" data-lpignore=\"true\" \/><\/label><div class=\"kadence-blocks-form-field kb-submit-field kb-field-desk-width-100\"><button class=\"kb-forms-submit button kb-button-size-standard kb-button-width-auto\"><strong>Envoyer<\/strong><\/button><\/div><\/form><\/div>\n<noscript><div class=\"kadence-blocks-form-message kadence-blocks-form-warning\">Veuillez activer JavaScript dans votre navigateur pour envoyer le formulaire.<\/div><style>.kadence-form-80_27ac6f-2d .kadence-blocks-form-field.kb-submit-field { display: none; }<\/style><\/noscript><\/div><\/div>\n\n<\/div><\/div>\n\n<style>.kb-google-maps-container80_32ec07-c5{height:450px;}<\/style><div class=\"kb-google-maps-container kb-google-maps-container80_32ec07-c5  wp-block-kadence-googlemaps\" data-mapid=\"80_32ec07c5\"><iframe width=\"100%\" height=\"100%\"\n\t\t\t\t\t\t\tstyle=\"border:0\" loading=\"lazy\"\n\t\t\t\t\t\t\tsrc=\"https:\/\/www.google.com\/maps\/embed\/v1\/place?key=AIzaSyBAM2o7PiQqwk15LC1XRH2e_KJ-jUa7KYk&#038;zoom=10&#038;maptype=roadmap&#038;q=6769+rue+de+virton+27\"\n\t\t\t\t\t\t\ttitle=\"Carte Google de 6769 rue de virton 27\"><\/iframe><\/div><script>function kb_google_map80_32ec07c5() { let center = { lat: 37.8201, lng: -122.4781}; let map = new google.maps.Map(document.getElementById(\"kb-google-map80_32ec07c5\"), {\n\t\t\t\t\t    zoom: 10,\n\t\t\t\t\t    center: center,});let marker = new google.maps.Marker({   position: { lat: 37.8201, lng: -122.4781},    map: map,  });}<\/script>\n\n\n<p><\/p>\n","protected":false},"excerpt":{"rendered":"<p>Nous contacter : T\u00e9l : +32 (0) 63 57 88 77 Adresse : Rue de Virton 27 &#8211; 6769 Meix-devant-Virton E-Mail : Tourn\u00e9e V\u00e9g\u00e9tale :cal.solidairement@gmail.comSolidairement :asbl.solidairement@gmail.comLa d\u00e9brouillardise :contact@ladebrouillardise.beChevratte etc. :contact@chevratte-etc.be Formulaire de Contact : Laissez nous vos coordonn\u00e9es et d\u00e9crivez votre demande, nous vous recontacterons dans les meilleurs d\u00e9lais.<\/p>\n","protected":false},"author":1,"featured_media":0,"parent":0,"menu_order":0,"comment_status":"closed","ping_status":"closed","template":"","meta":{"_kadence_starter_templates_imported_post":false,"_kad_post_transparent":"","_kad_post_title":"hide","_kad_post_layout":"fullwidth","_kad_post_sidebar_id":"","_kad_post_content_style":"default","_kad_post_vertical_padding":"","_kad_post_feature":"","_kad_post_feature_position":"","_kad_post_header":false,"_kad_post_footer":false,"footnotes":""},"class_list":["post-80","page","type-page","status-publish","hentry"],"_links":{"self":[{"href":"https:\/\/solidairementasbl.be\/index.php\/wp-json\/wp\/v2\/pages\/80","targetHints":{"allow":["GET"]}}],"collection":[{"href":"https:\/\/solidairementasbl.be\/index.php\/wp-json\/wp\/v2\/pages"}],"about":[{"href":"https:\/\/solidairementasbl.be\/index.php\/wp-json\/wp\/v2\/types\/page"}],"author":[{"embeddable":true,"href":"https:\/\/solidairementasbl.be\/index.php\/wp-json\/wp\/v2\/users\/1"}],"replies":[{"embeddable":true,"href":"https:\/\/solidairementasbl.be\/index.php\/wp-json\/wp\/v2\/comments?post=80"}],"version-history":[{"count":23,"href":"https:\/\/solidairementasbl.be\/index.php\/wp-json\/wp\/v2\/pages\/80\/revisions"}],"predecessor-version":[{"id":458,"href":"https:\/\/solidairementasbl.be\/index.php\/wp-json\/wp\/v2\/pages\/80\/revisions\/458"}],"wp:attachment":[{"href":"https:\/\/solidairementasbl.be\/index.php\/wp-json\/wp\/v2\/media?parent=80"}],"curies":[{"name":"wp","href":"https:\/\/api.w.org\/{rel}","templated":true}]}}