{"id":88,"date":"2024-05-06T16:05:30","date_gmt":"2024-05-06T14:05:30","guid":{"rendered":"http:\/\/solidairementasbl.be\/?page_id=88"},"modified":"2025-02-14T11:23:12","modified_gmt":"2025-02-14T10:23:12","slug":"restaurants","status":"publish","type":"page","link":"https:\/\/solidairementasbl.be\/index.php\/restaurants\/","title":{"rendered":"restaurants"},"content":{"rendered":"<style>.wp-block-kadence-spacer.kt-block-spacer-88_5b9156-a0 .kt-block-spacer{height:137px;}.wp-block-kadence-spacer.kt-block-spacer-88_5b9156-a0 .kt-divider{border-top-width:1px;height:1px;border-top-color:#eee;width:80%;border-top-style:solid;}<\/style>\n<div class=\"wp-block-kadence-spacer aligncenter kt-block-spacer-88_5b9156-a0\"><div class=\"kt-block-spacer kt-block-spacer-halign-center\"><hr class=\"kt-divider\"\/><\/div><\/div>\n\n\n<style>.kadence-column88_ebbc36-25 > .kt-inside-inner-col{min-height:500px;}.kadence-column88_ebbc36-25 > .kt-inside-inner-col,.kadence-column88_ebbc36-25 > .kt-inside-inner-col:before{border-top-left-radius:0px;border-top-right-radius:0px;border-bottom-right-radius:0px;border-bottom-left-radius:0px;}.kadence-column88_ebbc36-25 > .kt-inside-inner-col{column-gap:var(--global-kb-gap-sm, 1rem);}.kadence-column88_ebbc36-25 > .kt-inside-inner-col{flex-direction:column;}.kadence-column88_ebbc36-25 > .kt-inside-inner-col > .aligncenter{width:100%;}.kadence-column88_ebbc36-25 > .kt-inside-inner-col{background-image:url('http:\/\/solidairementasbl.be\/wp-content\/uploads\/2024\/09\/BANNIERE_RESTAURATION.jpg');background-size:cover;background-position:89% 45%;background-attachment:scroll;background-repeat:no-repeat;}.kadence-column88_ebbc36-25 > .kt-inside-inner-col:before{opacity:0.3;}.kadence-column88_ebbc36-25{position:relative;}@media all and (max-width: 1024px){.kadence-column88_ebbc36-25 > .kt-inside-inner-col{flex-direction:column;justify-content:center;}}@media all and (max-width: 767px){.kadence-column88_ebbc36-25 > .kt-inside-inner-col{flex-direction:column;justify-content:center;}}<\/style>\n<div class=\"wp-block-kadence-column kadence-column88_ebbc36-25 alignfull\"><div class=\"kt-inside-inner-col\"><\/div><\/div>\n\n\n\n<h2 class=\"wp-block-heading has-large-font-size\">Restaurants partenaires de Tourn\u00e9e V\u00e9g\u00e9tale :<\/h2>\n\n\n\n<p><\/p>\n\n\n\n<p><\/p>\n\n\n<style>.wp-block-kadence-advancedheading.kt-adv-heading88_ce4902-3d, .wp-block-kadence-advancedheading.kt-adv-heading88_ce4902-3d[data-kb-block=\"kb-adv-heading88_ce4902-3d\"]{font-size:var(--global-kb-font-size-lg, 2rem);font-style:normal;}.wp-block-kadence-advancedheading.kt-adv-heading88_ce4902-3d mark.kt-highlight, .wp-block-kadence-advancedheading.kt-adv-heading88_ce4902-3d[data-kb-block=\"kb-adv-heading88_ce4902-3d\"] mark.kt-highlight{font-style:normal;color:#f76a0c;-webkit-box-decoration-break:clone;box-decoration-break:clone;padding-top:0px;padding-right:0px;padding-bottom:0px;padding-left:0px;}<\/style>\n<h6 class=\"kt-adv-heading88_ce4902-3d wp-block-kadence-advancedheading\" data-kb-block=\"kb-adv-heading88_ce4902-3d\">La grappe d&rsquo;or &#8211; Arlon<br><br>Lady green &#8211; Fratin<br><br>Les pr\u00e9s verts &#8211; Virton<\/h6>\n\n\n<style>.wp-block-kadence-spacer.kt-block-spacer-88_4d8b47-33 .kt-block-spacer{height:60px;}.wp-block-kadence-spacer.kt-block-spacer-88_4d8b47-33 .kt-divider{border-top-width:1px;height:1px;border-top-color:#eee;width:80%;border-top-style:solid;}<\/style>\n<div class=\"wp-block-kadence-spacer aligncenter kt-block-spacer-88_4d8b47-33\"><div class=\"kt-block-spacer kt-block-spacer-halign-center\"><hr class=\"kt-divider\"\/><\/div><\/div>\n","protected":false},"excerpt":{"rendered":"<p>Restaurants partenaires de Tourn\u00e9e V\u00e9g\u00e9tale : La grappe d&rsquo;or &#8211; Arlon Lady green &#8211; Fratin Les pr\u00e9s verts &#8211; Virton<\/p>\n","protected":false},"author":1,"featured_media":0,"parent":0,"menu_order":0,"comment_status":"closed","ping_status":"closed","template":"","meta":{"_kadence_starter_templates_imported_post":false,"_kad_post_transparent":"","_kad_post_title":"hide","_kad_post_layout":"normal","_kad_post_sidebar_id":"","_kad_post_content_style":"","_kad_post_vertical_padding":"","_kad_post_feature":"","_kad_post_feature_position":"","_kad_post_header":false,"_kad_post_footer":false,"footnotes":""},"class_list":["post-88","page","type-page","status-publish","hentry"],"_links":{"self":[{"href":"https:\/\/solidairementasbl.be\/index.php\/wp-json\/wp\/v2\/pages\/88","targetHints":{"allow":["GET"]}}],"collection":[{"href":"https:\/\/solidairementasbl.be\/index.php\/wp-json\/wp\/v2\/pages"}],"about":[{"href":"https:\/\/solidairementasbl.be\/index.php\/wp-json\/wp\/v2\/types\/page"}],"author":[{"embeddable":true,"href":"https:\/\/solidairementasbl.be\/index.php\/wp-json\/wp\/v2\/users\/1"}],"replies":[{"embeddable":true,"href":"https:\/\/solidairementasbl.be\/index.php\/wp-json\/wp\/v2\/comments?post=88"}],"version-history":[{"count":5,"href":"https:\/\/solidairementasbl.be\/index.php\/wp-json\/wp\/v2\/pages\/88\/revisions"}],"predecessor-version":[{"id":453,"href":"https:\/\/solidairementasbl.be\/index.php\/wp-json\/wp\/v2\/pages\/88\/revisions\/453"}],"wp:attachment":[{"href":"https:\/\/solidairementasbl.be\/index.php\/wp-json\/wp\/v2\/media?parent=88"}],"curies":[{"name":"wp","href":"https:\/\/api.w.org\/{rel}","templated":true}]}}